{"id":1215,"date":"2023-06-27T08:53:58","date_gmt":"2023-06-27T07:53:58","guid":{"rendered":"https:\/\/www.edenlodgeparis.net\/accueil-2\/"},"modified":"2025-03-18T11:16:06","modified_gmt":"2025-03-18T10:16:06","slug":"accueil-2","status":"publish","type":"page","link":"https:\/\/www.edenlodgeparis.net\/de\/","title":{"rendered":"ACCUEIL DE"},"content":{"rendered":"<div class=\"wpb-content-wrapper\"><p>[vc_row full_width=&#8220;stretch_row_content_no_spaces&#8220; content_placement=&#8220;top&#8220; css=&#8220;.vc_custom_1687864454849{margin-top: -60px !important;background-position: center !important;background-repeat: no-repeat !important;background-size: cover !important;}&#8220;][vc_column css=&#8220;.vc_custom_1687853836874{background-position: center !important;background-repeat: no-repeat !important;background-size: cover !important;}&#8220;][vc_video link=&#8220;https:\/\/youtu.be\/EflVvnRdp04?rel=0&amp;autoplay=1&#8243; align=&#8220;center&#8220;][\/vc_column][\/vc_row][vc_row][vc_column][vc_column_text]<\/p>\n<h2 style=\"text-align: center;\">ECOLODGE MIT PARISER LUXUS<\/h2>\n<p style=\"text-align: center;\">Ein Haus ohne Kohlendioxidaussto\u00df mit zahlreichen \u00f6kologischen Einrichtungen. Die Herzlichkeit eines G\u00e4stehauses. Natur mitten im Herzen von Paris.<\/p>\n<p>[\/vc_column_text][vc_empty_space height=&#8220;12px&#8220;][vc_separator el_width=&#8220;30&#8243;][vc_btn title=&#8220;VIRTUELLER RUNDGANG&#8220; color=&#8220;warning&#8220; align=&#8220;center&#8220; link=&#8220;url:https%3A%2F%2Fwww.edenlodgeparis.net%2Fde%2Fvirtueller-rundgang%2F|title:Virtueller%20rundgang&#8220;][vc_separator el_width=&#8220;30&#8243;][vc_empty_space height=&#8220;12px&#8220;][vc_single_image image=&#8220;1063&#8243; img_size=&#8220;122&#215;59&#8243; alignment=&#8220;center&#8220; onclick=&#8220;custom_link&#8220; img_link_target=&#8220;_blank&#8220; link=&#8220;https:\/\/www.hi-life.fr\/&#8220;][vc_column_text css=&#8220;.vc_custom_1687886638692{margin-top: -30px !important;padding-top: -30px !important;}&#8220;]<\/p>\n<p style=\"text-align: center;\">Eine Auswahl an umweltfreundlichen Hotels an au\u00dfergew\u00f6hnlichen Orten<\/p>\n<p>[\/vc_column_text][vc_empty_space height=&#8220;12px&#8220;][vc_single_image image=&#8220;743&#8243; img_size=&#8220;150&#215;150&#8243; alignment=&#8220;center&#8220;][vc_column_text]<\/p>\n<p style=\"text-align: center;\">Eden Lodge Paris wurde 2022 mit dem Europ\u00e4ischen Umweltzeichen ausgezeichnet.<\/p>\n<p>[\/vc_column_text][vc_single_image image=&#8220;1350&#8243; img_size=&#8220;200&#215;231&#8243; alignment=&#8220;center&#8220; css=&#8220;&#8220;][vc_single_image image=&#8220;834&#8243; img_size=&#8220;154&#215;151&#8243; alignment=&#8220;center&#8220; onclick=&#8220;custom_link&#8220; img_link_target=&#8220;_blank&#8220; link=&#8220;https:\/\/www.tripadvisor.fr\/Hotel_Review-g187147-d8873883-Reviews-Eden_Lodge_Paris-Paris_Ile_de_France.html&#8220;][vc_column_text]<\/p>\n<p style=\"text-align: center;\">Die Eden Lodge wurde k\u00fcrzlich von Fodor&#8217;s Travel als eine der besten Lodges der Welt ausgezeichnet &#8222;<a href=\"https:\/\/www.fodors.com\/world\/europe\/france\/paris\/hotels\/history-list\/8-fabulous-paris-design-hotels\" target=\"_blank\" rel=\"noopener\"><strong><span style=\"color: #c67c0f;\">8 Fabulous Paris Design Hotels<\/span><\/strong><\/a>&#8222;<\/p>\n<p>[\/vc_column_text][vc_single_image image=&#8220;1110&#8243; img_size=&#8220;150&#215;150&#8243; alignment=&#8220;center&#8220;][vc_empty_space height=&#8220;12px&#8220;][\/vc_column][\/vc_row][vc_row gap=&#8220;35&#8243; css=&#8220;.vc_custom_1687857371489{margin-right: 60px !important;margin-left: 60px !important;}&#8220;][vc_column css_animation=&#8220;bounceInUp&#8220; width=&#8220;1\/2&#8243;][vc_single_image image=&#8220;1158&#8243; img_size=&#8220;450&#215;299&#8243; alignment=&#8220;center&#8220; onclick=&#8220;custom_link&#8220; link=&#8220;https:\/\/www.edenlodgeparis.net\/de\/rooms\/suite-montsouris\/&#8220;][vc_column_text css=&#8220;.vc_custom_1687859771455{margin-top: -20px !important;}&#8220;]<\/p>\n<h3 style=\"text-align: center;\"><a href=\"https:\/\/www.edenlodgeparis.net\/de\/rooms\/suite-montsouris\/\"><strong>SUITE MONTSOURIS<\/strong><\/a><\/h3>\n<p>[\/vc_column_text][vc_separator el_width=&#8220;70&#8243; css=&#8220;.vc_custom_1687858026382{margin-top: -20px !important;margin-bottom: -1px !important;}&#8220;][vc_column_text css=&#8220;.vc_custom_1687886791853{margin-top: 15px !important;}&#8220;]<\/p>\n<p style=\"text-align: center;\">Betten : 2<\/p>\n<p style=\"text-align: center;\">Max Personen :<img loading=\"lazy\" decoding=\"async\" class=\"alignnone size-full wp-image-1152\" src=\"https:\/\/www.edenlodgeparis.net\/wp-content\/uploads\/2023\/06\/perso-4.jpg\" alt=\"\" width=\"43\" height=\"14\" \/><\/p>\n<p>[\/vc_column_text][\/vc_column][vc_column css_animation=&#8220;bounceInUp&#8220; width=&#8220;1\/2&#8243;][vc_single_image image=&#8220;1147&#8243; img_size=&#8220;450&#215;299&#8243; alignment=&#8220;center&#8220; onclick=&#8220;custom_link&#8220; link=&#8220;https:\/\/www.edenlodgeparis.net\/de\/rooms\/suite-monceau\/&#8220;][vc_column_text css=&#8220;.vc_custom_1687859675388{margin-top: -20px !important;}&#8220;]<\/p>\n<h3 style=\"text-align: center;\"><a href=\"https:\/\/www.edenlodgeparis.net\/de\/rooms\/suite-monceau\/\"><strong>SUITE MONCEAU<\/strong><\/a><\/h3>\n<p>[\/vc_column_text][vc_separator el_width=&#8220;70&#8243; css=&#8220;.vc_custom_1687858026382{margin-top: -20px !important;margin-bottom: -1px !important;}&#8220;][vc_column_text css=&#8220;.vc_custom_1687886791853{margin-top: 15px !important;}&#8220;]<\/p>\n<p style=\"text-align: center;\">Betten : 2<\/p>\n<p style=\"text-align: center;\">Max Personen :<img loading=\"lazy\" decoding=\"async\" class=\"alignnone size-full wp-image-1152\" src=\"https:\/\/www.edenlodgeparis.net\/wp-content\/uploads\/2023\/06\/perso-4.jpg\" alt=\"\" width=\"43\" height=\"14\" \/><\/p>\n<p>[\/vc_column_text][\/vc_column][\/vc_row][vc_row gap=&#8220;35&#8243; css=&#8220;.vc_custom_1687857371489{margin-right: 60px !important;margin-left: 60px !important;}&#8220;][vc_column css_animation=&#8220;bounceInUp&#8220; width=&#8220;1\/2&#8243;][vc_single_image image=&#8220;1117&#8243; img_size=&#8220;450&#215;299&#8243; alignment=&#8220;center&#8220; onclick=&#8220;custom_link&#8220; link=&#8220;https:\/\/www.edenlodgeparis.net\/de\/rooms\/belleville-zimmer\/&#8220;][vc_column_text css=&#8220;.vc_custom_1687886896337{margin-top: -20px !important;}&#8220;]<\/p>\n<h3 style=\"text-align: center;\"><a href=\"https:\/\/www.edenlodgeparis.net\/de\/rooms\/belleville-zimmer\/\"><strong>BELLEVILLE ZIMMER<\/strong><\/a><\/h3>\n<p>[\/vc_column_text][vc_separator el_width=&#8220;70&#8243; css=&#8220;.vc_custom_1687858026382{margin-top: -20px !important;margin-bottom: -1px !important;}&#8220;][vc_column_text css=&#8220;.vc_custom_1687886960515{margin-top: 15px !important;}&#8220;]<\/p>\n<p style=\"text-align: center;\">Betten : 1<\/p>\n<p style=\"text-align: center;\">Max Personen :<img loading=\"lazy\" decoding=\"async\" class=\"alignnone size-full wp-image-1129 aligncenter\" src=\"https:\/\/www.edenlodgeparis.net\/wp-content\/uploads\/2023\/06\/perso-2.jpg\" alt=\"\" width=\"25\" height=\"14\" \/><\/p>\n<p>[\/vc_column_text][\/vc_column][vc_column css_animation=&#8220;bounceInUp&#8220; width=&#8220;1\/2&#8243;][vc_single_image image=&#8220;1122&#8243; img_size=&#8220;450&#215;299&#8243; alignment=&#8220;center&#8220; onclick=&#8220;custom_link&#8220; link=&#8220;https:\/\/www.edenlodgeparis.net\/de\/rooms\/buttes-chaumont-zimmer\/&#8220;][vc_column_text css=&#8220;.vc_custom_1687887056248{margin-top: -20px !important;}&#8220;]<\/p>\n<h3 style=\"text-align: center;\"><a href=\"https:\/\/www.edenlodgeparis.net\/de\/rooms\/buttes-chaumont-zimmer\/\"><strong>BUTTES-CHAUMONT ZIMMER<\/strong><\/a><\/h3>\n<p>[\/vc_column_text][vc_separator el_width=&#8220;70&#8243; css=&#8220;.vc_custom_1687858026382{margin-top: -20px !important;margin-bottom: -1px !important;}&#8220;][vc_column_text css=&#8220;.vc_custom_1687886960515{margin-top: 15px !important;}&#8220;]<\/p>\n<p style=\"text-align: center;\">Betten : 1<\/p>\n<p style=\"text-align: center;\">Max Personen :<img loading=\"lazy\" decoding=\"async\" class=\"alignnone size-full wp-image-1129 aligncenter\" src=\"https:\/\/www.edenlodgeparis.net\/wp-content\/uploads\/2023\/06\/perso-2.jpg\" alt=\"\" width=\"25\" height=\"14\" \/><\/p>\n<p>[\/vc_column_text][\/vc_column][\/vc_row][vc_row gap=&#8220;35&#8243; css=&#8220;.vc_custom_1687857371489{margin-right: 60px !important;margin-left: 60px !important;}&#8220;][vc_column css_animation=&#8220;bounceInUp&#8220;][vc_single_image image=&#8220;1166&#8243; img_size=&#8220;450&#215;299&#8243; alignment=&#8220;center&#8220; onclick=&#8220;custom_link&#8220; link=&#8220;https:\/\/www.edenlodgeparis.net\/de\/rooms\/bagatelle-zimmer\/&#8220;][vc_column_text css=&#8220;.vc_custom_1687887097272{margin-top: -20px !important;}&#8220;]<\/p>\n<h3 style=\"text-align: center;\"><a href=\"https:\/\/www.edenlodgeparis.net\/de\/rooms\/bagatelle-zimmer\/\"><strong>BAGATELLE ZIMMER<\/strong><\/a><\/h3>\n<p>[\/vc_column_text][vc_separator el_width=&#8220;30&#8243; css=&#8220;.vc_custom_1687860129365{margin-top: -20px !important;margin-bottom: -1px !important;}&#8220;][vc_column_text css=&#8220;.vc_custom_1687886960515{margin-top: 15px !important;}&#8220;]<\/p>\n<p style=\"text-align: center;\">Betten : 1<\/p>\n<p style=\"text-align: center;\">Max Personen :<img loading=\"lazy\" decoding=\"async\" class=\"alignnone size-full wp-image-1129 aligncenter\" src=\"https:\/\/www.edenlodgeparis.net\/wp-content\/uploads\/2023\/06\/perso-2.jpg\" alt=\"\" width=\"25\" height=\"14\" \/><\/p>\n<p>[\/vc_column_text][\/vc_column][\/vc_row]<\/p>\n<\/div>","protected":false},"excerpt":{"rendered":"<p>[vc_row full_width=&#8220;stretch_row_content_no_spaces&#8220; content_placement=&#8220;top&#8220; css=&#8220;.vc_custom_1687864454849{margin-top: -60px !important;background-position: center !important;background-repeat: no-repeat !important;background-size: cover !important;}&#8220;][vc_column css=&#8220;.vc_custom_1687853836874{background-position: center !important;background-repeat: no-repeat !important;background-size: cover !important;}&#8220;][vc_video link=&#8220;https:\/\/youtu.be\/EflVvnRdp04?rel=0&amp;autoplay=1&#8243; align=&#8220;center&#8220;][\/vc_column][\/vc_row][vc_row][vc_column][vc_column_text] ECOLODGE MIT PARISER LUXUS Ein Haus ohne Kohlendioxidaussto\u00df mit zahlreichen \u00f6kologischen Einrichtungen. Die Herzlichkeit eines G\u00e4stehauses. Natur mitten im Herzen von Paris. [\/vc_column_text][vc_empty_space height=&#8220;12px&#8220;][vc_separator el_width=&#8220;30&#8243;][vc_btn title=&#8220;VIRTUELLER RUNDGANG&#8220; color=&#8220;warning&#8220; align=&#8220;center&#8220; link=&#8220;url:https%3A%2F%2Fwww.edenlodgeparis.net%2Fde%2Fvirtueller-rundgang%2F|title:Virtueller%20rundgang&#8220;][vc_separator el_width=&#8220;30&#8243;][vc_empty_space height=&#8220;12px&#8220;][vc_single_image image=&#8220;1063&#8243; img_size=&#8220;122&#215;59&#8243; alignment=&#8220;center&#8220; onclick=&#8220;custom_link&#8220; img_link_target=&#8220;_blank&#8220; link=&#8220;https:\/\/www.hi-life.fr\/&#8220;][vc_column_text css=&#8220;.vc_custom_1687886638692{margin-top: -30px !important;padding-top: -30px !important;}&#8220;] Eine Auswahl an umweltfreundlichen Hotels an au\u00dfergew\u00f6hnlichen Orten [\/vc_column_text][vc_empty_space height=&#8220;12px&#8220;][vc_single_image image=&#8220;743&#8243; img_size=&#8220;150&#215;150&#8243; alignment=&#8220;center&#8220;][vc_column_text] Eden Lodge Paris wurde 2022 mit dem Europ\u00e4ischen Umweltzeichen ausgezeichnet. [\/vc_column_text][vc_single_image image=&#8220;1350&#8243; img_size=&#8220;200&#215;231&#8243; alignment=&#8220;center&#8220; css=&#8220;&#8220;][vc_single_image image=&#8220;834&#8243; img_size=&#8220;154&#215;151&#8243; alignment=&#8220;center&#8220; onclick=&#8220;custom_link&#8220; img_link_target=&#8220;_blank&#8220; link=&#8220;https:\/\/www.tripadvisor.fr\/Hotel_Review-g187147-d8873883-Reviews-Eden_Lodge_Paris-Paris_Ile_de_France.html&#8220;][vc_column_text] Die Eden Lodge wurde k\u00fcrzlich von Fodor&#8217;s Travel als eine der besten Lodges der Welt ausgezeichnet &#8222;8 Fabulous Paris Design Hotels&#8222; [\/vc_column_text][vc_single_image image=&#8220;1110&#8243; img_size=&#8220;150&#215;150&#8243; alignment=&#8220;center&#8220;][vc_empty_space height=&#8220;12px&#8220;][\/vc_column][\/vc_row][vc_row gap=&#8220;35&#8243; css=&#8220;.vc_custom_1687857371489{margin-right: 60px !important;margin-left: 60px !important;}&#8220;][vc_column css_animation=&#8220;bounceInUp&#8220; width=&#8220;1\/2&#8243;][vc_single_image image=&#8220;1158&#8243; img_size=&#8220;450&#215;299&#8243; alignment=&#8220;center&#8220; onclick=&#8220;custom_link&#8220; link=&#8220;https:\/\/www.edenlodgeparis.net\/de\/rooms\/suite-montsouris\/&#8220;][vc_column_text css=&#8220;.vc_custom_1687859771455{margin-top: -20px !important;}&#8220;] SUITE MONTSOURIS [\/vc_column_text][vc_separator el_width=&#8220;70&#8243; css=&#8220;.vc_custom_1687858026382{margin-top: -20px !important;margin-bottom: -1px !important;}&#8220;][vc_column_text css=&#8220;.vc_custom_1687886791853{margin-top: 15px !important;}&#8220;] Betten : 2 Max Personen : [\/vc_column_text][\/vc_column][vc_column css_animation=&#8220;bounceInUp&#8220; width=&#8220;1\/2&#8243;][vc_single_image image=&#8220;1147&#8243; img_size=&#8220;450&#215;299&#8243; alignment=&#8220;center&#8220; onclick=&#8220;custom_link&#8220; link=&#8220;https:\/\/www.edenlodgeparis.net\/de\/rooms\/suite-monceau\/&#8220;][vc_column_text css=&#8220;.vc_custom_1687859675388{margin-top: -20px !important;}&#8220;] SUITE MONCEAU [\/vc_column_text][vc_separator el_width=&#8220;70&#8243; css=&#8220;.vc_custom_1687858026382{margin-top: -20px !important;margin-bottom: -1px !important;}&#8220;][vc_column_text css=&#8220;.vc_custom_1687886791853{margin-top: 15px !important;}&#8220;] Betten : 2 Max Personen : [\/vc_column_text][\/vc_column][\/vc_row][vc_row gap=&#8220;35&#8243; css=&#8220;.vc_custom_1687857371489{margin-right: 60px !important;margin-left: 60px !important;}&#8220;][vc_column css_animation=&#8220;bounceInUp&#8220; width=&#8220;1\/2&#8243;][vc_single_image image=&#8220;1117&#8243; img_size=&#8220;450&#215;299&#8243; alignment=&#8220;center&#8220; onclick=&#8220;custom_link&#8220; [&hellip;]<\/p>\n","protected":false},"author":1,"featured_media":0,"parent":0,"menu_order":0,"comment_status":"closed","ping_status":"closed","template":"page-fullwidth.php","meta":{"footnotes":""},"aioseo_notices":[],"_links":{"self":[{"href":"https:\/\/www.edenlodgeparis.net\/de\/wp-json\/wp\/v2\/pages\/1215"}],"collection":[{"href":"https:\/\/www.edenlodgeparis.net\/de\/wp-json\/wp\/v2\/pages"}],"about":[{"href":"https:\/\/www.edenlodgeparis.net\/de\/wp-json\/wp\/v2\/types\/page"}],"author":[{"embeddable":true,"href":"https:\/\/www.edenlodgeparis.net\/de\/wp-json\/wp\/v2\/users\/1"}],"replies":[{"embeddable":true,"href":"https:\/\/www.edenlodgeparis.net\/de\/wp-json\/wp\/v2\/comments?post=1215"}],"version-history":[{"count":25,"href":"https:\/\/www.edenlodgeparis.net\/de\/wp-json\/wp\/v2\/pages\/1215\/revisions"}],"predecessor-version":[{"id":1356,"href":"https:\/\/www.edenlodgeparis.net\/de\/wp-json\/wp\/v2\/pages\/1215\/revisions\/1356"}],"wp:attachment":[{"href":"https:\/\/www.edenlodgeparis.net\/de\/wp-json\/wp\/v2\/media?parent=1215"}],"curies":[{"name":"wp","href":"https:\/\/api.w.org\/{rel}","templated":true}]}}