{"id":420,"date":"2016-02-23T10:07:26","date_gmt":"2016-02-23T09:07:26","guid":{"rendered":"http:\/\/www.edenlodgeparis.net\/de\/ecoluxury\/"},"modified":"2020-12-01T12:06:18","modified_gmt":"2020-12-01T11:06:18","slug":"ecoluxury","status":"publish","type":"page","link":"https:\/\/www.edenlodgeparis.net\/de\/ecoluxury\/","title":{"rendered":"ECOLUXURY"},"content":{"rendered":"<h4>Nachhaltiger luxus<\/h4>\n<p><img loading=\"lazy\" decoding=\"async\" class=\"alignnone size-full wp-image-211\" src=\"https:\/\/www.edenlodgeparis.net\/wp-content\/uploads\/2016\/02\/edenlodge-paris-ecoluxury.jpg\" alt=\"edenlodge-paris-ecoluxury\" width=\"2000\" height=\"733\" srcset=\"https:\/\/www.edenlodgeparis.net\/wp-content\/uploads\/2016\/02\/edenlodge-paris-ecoluxury.jpg 2000w, https:\/\/www.edenlodgeparis.net\/wp-content\/uploads\/2016\/02\/edenlodge-paris-ecoluxury-300x110.jpg 300w, https:\/\/www.edenlodgeparis.net\/wp-content\/uploads\/2016\/02\/edenlodge-paris-ecoluxury-768x281.jpg 768w, https:\/\/www.edenlodgeparis.net\/wp-content\/uploads\/2016\/02\/edenlodge-paris-ecoluxury-1024x375.jpg 1024w\" sizes=\"(max-width: 2000px) 100vw, 2000px\" \/><\/p>\n<p>Die neueste Kreation der \u00f6kologischen Hotelkette Eden Lodge International, das <strong>Eden Lodge Paris<\/strong>, ist das im Augenblick \u00f6kologischste und umweltbewussteste Hotel in Paris.<\/p>\n<p>Das 2015 erbaute Haus ist ausgestattet mit den neuesten \u00f6kologischen Innovationen:<\/p>\n<p>&#8211; Die Holzstruktur und verst\u00e4rkte Isolierung sowie LED-Lampen sorgen f\u00fcr einen sehr geringen Energieverbrauch,<br \/>\n&#8211; Ein Luftfilter (luftreinigende Kacheln, Be- und Entl\u00fcftungsanlage mit W\u00e4rmtauscher),<br \/>\n&#8211; Erneuerbare Energien, wie Solarenergie und Holzpellets f\u00fcr ein Haus ganz ohne Kohlendioxidaussto\u00df,<br \/>\n&#8211; Niedrige Wannen, italienische Duschen und japanische Toiletten, um den<br \/>\n&#8211; Wasserverbrauch zu reduzieren und gleichzeitig den Komfort zu erh\u00f6hen,<br \/>\n&#8211; TVs mit 4k Ultra-HD LED-Bildschirmen,&#8230;<\/p>\n<p>&#8230;\u00a0Eine etwas andere Vorstellung von Luxus, die der steigenden Nachfrage internationaler Kunden entspricht, die sich wohlf\u00fchlen m\u00f6chten und denen Nachhaltigkeit bei Ihren Reisen wichtig sind.<\/p>\n<p>Das <strong>Eden Lodge Paris<\/strong> bietet etwas andere Hoteldienstleistungen, herzlichere und individuellere als in traditionellen Hotels, hier stehen dabei immer Komfort und Dienstleistungen von h\u00f6chster Qualit\u00e4t im Mittelpunkt.<\/p>\n<p><strong>In dieser gr\u00fcnen Oase im Herzen der Stadt k\u00f6nnen Sie eine Auszeit vom Alltag genie\u00dfen, in der sich nachhaltiger Luxus, Wohlbefinden und Entspannung miteinander verbinden.<\/strong><\/p>\n<p><img loading=\"lazy\" decoding=\"async\" class=\"alignnone size-full wp-image-213\" src=\"https:\/\/www.edenlodgeparis.net\/wp-content\/uploads\/2016\/02\/edenlodge-paris-ecoluxury-hall.jpg\" alt=\"edenlodge-paris-ecoluxury-hall\" width=\"2000\" height=\"1134\" srcset=\"https:\/\/www.edenlodgeparis.net\/wp-content\/uploads\/2016\/02\/edenlodge-paris-ecoluxury-hall.jpg 2000w, https:\/\/www.edenlodgeparis.net\/wp-content\/uploads\/2016\/02\/edenlodge-paris-ecoluxury-hall-300x170.jpg 300w, https:\/\/www.edenlodgeparis.net\/wp-content\/uploads\/2016\/02\/edenlodge-paris-ecoluxury-hall-768x435.jpg 768w, https:\/\/www.edenlodgeparis.net\/wp-content\/uploads\/2016\/02\/edenlodge-paris-ecoluxury-hall-1024x581.jpg 1024w\" sizes=\"(max-width: 2000px) 100vw, 2000px\" \/><\/p>\n","protected":false},"excerpt":{"rendered":"<p>Nachhaltiger luxus Die neueste Kreation der \u00f6kologischen Hotelkette Eden Lodge International, das Eden Lodge Paris, ist das im Augenblick \u00f6kologischste und umweltbewussteste Hotel in Paris. Das 2015 erbaute Haus ist ausgestattet mit den neuesten \u00f6kologischen Innovationen: &#8211; Die Holzstruktur und verst\u00e4rkte Isolierung sowie LED-Lampen sorgen f\u00fcr einen sehr geringen Energieverbrauch, &#8211; Ein Luftfilter (luftreinigende Kacheln, Be- und Entl\u00fcftungsanlage mit W\u00e4rmtauscher), &#8211; Erneuerbare Energien, wie Solarenergie und Holzpellets f\u00fcr ein Haus ganz ohne Kohlendioxidaussto\u00df, &#8211; Niedrige Wannen, italienische Duschen und japanische Toiletten, um den &#8211; Wasserverbrauch zu reduzieren und gleichzeitig den Komfort zu erh\u00f6hen, &#8211; TVs mit 4k Ultra-HD LED-Bildschirmen,&#8230; &#8230;\u00a0Eine etwas andere Vorstellung von Luxus, die der steigenden Nachfrage internationaler Kunden entspricht, die sich wohlf\u00fchlen m\u00f6chten und denen Nachhaltigkeit bei Ihren Reisen wichtig sind. Das Eden Lodge Paris bietet etwas andere Hoteldienstleistungen, herzlichere und individuellere als in traditionellen Hotels, hier stehen dabei immer Komfort und Dienstleistungen von h\u00f6chster Qualit\u00e4t im Mittelpunkt. In dieser gr\u00fcnen Oase im Herzen der Stadt k\u00f6nnen Sie eine Auszeit vom Alltag genie\u00dfen, in der sich nachhaltiger Luxus, Wohlbefinden und Entspannung miteinander verbinden.<\/p>\n","protected":false},"author":1,"featured_media":0,"parent":0,"menu_order":10,"comment_status":"closed","ping_status":"closed","template":"","meta":{"footnotes":""},"aioseo_notices":[],"_links":{"self":[{"href":"https:\/\/www.edenlodgeparis.net\/de\/wp-json\/wp\/v2\/pages\/420"}],"collection":[{"href":"https:\/\/www.edenlodgeparis.net\/de\/wp-json\/wp\/v2\/pages"}],"about":[{"href":"https:\/\/www.edenlodgeparis.net\/de\/wp-json\/wp\/v2\/types\/page"}],"author":[{"embeddable":true,"href":"https:\/\/www.edenlodgeparis.net\/de\/wp-json\/wp\/v2\/users\/1"}],"replies":[{"embeddable":true,"href":"https:\/\/www.edenlodgeparis.net\/de\/wp-json\/wp\/v2\/comments?post=420"}],"version-history":[{"count":5,"href":"https:\/\/www.edenlodgeparis.net\/de\/wp-json\/wp\/v2\/pages\/420\/revisions"}],"predecessor-version":[{"id":883,"href":"https:\/\/www.edenlodgeparis.net\/de\/wp-json\/wp\/v2\/pages\/420\/revisions\/883"}],"wp:attachment":[{"href":"https:\/\/www.edenlodgeparis.net\/de\/wp-json\/wp\/v2\/media?parent=420"}],"curies":[{"name":"wp","href":"https:\/\/api.w.org\/{rel}","templated":true}]}}