{"id":423,"date":"2016-02-10T15:20:01","date_gmt":"2016-02-10T14:20:01","guid":{"rendered":"http:\/\/www.edenlodgeparis.net\/de\/laccueil\/"},"modified":"2020-12-15T10:57:27","modified_gmt":"2020-12-15T09:57:27","slug":"empfang","status":"publish","type":"page","link":"https:\/\/www.edenlodgeparis.net\/de\/empfang\/","title":{"rendered":"EMPFANG"},"content":{"rendered":"<p><img loading=\"lazy\" decoding=\"async\" class=\"alignnone size-full wp-image-124\" src=\"https:\/\/www.edenlodgeparis.net\/wp-content\/uploads\/2016\/02\/accueil.jpg\" alt=\"accueil\" width=\"2000\" height=\"908\" srcset=\"https:\/\/www.edenlodgeparis.net\/wp-content\/uploads\/2016\/02\/accueil.jpg 2000w, https:\/\/www.edenlodgeparis.net\/wp-content\/uploads\/2016\/02\/accueil-300x136.jpg 300w, https:\/\/www.edenlodgeparis.net\/wp-content\/uploads\/2016\/02\/accueil-768x349.jpg 768w, https:\/\/www.edenlodgeparis.net\/wp-content\/uploads\/2016\/02\/accueil-1024x465.jpg 1024w\" sizes=\"(max-width: 2000px) 100vw, 2000px\" \/><\/p>\n<p><span style=\"font-weight: 600;\">Maty\u00a0<\/span>empf\u00e4ngt Sie bei Ihrer Ankunft und wird w\u00e4hrend Ihres Aufenthalts Ihre Gastgeberin sein.<br \/>\nSie serviert Ihnen Ihr Bio-Fr\u00fchst\u00fcck und wird Ihnen w\u00e4hrend diesem Augenblick und abends f\u00fcr jegliche Fragen bez\u00fcglich der Organisation Ihrer Reise zur Verf\u00fcgung stehen.<\/p>\n<p><strong>Einchecken\/Auschecken<\/strong><br \/>\nEinchecken von 16 Uhr bis 20 Uhr und Auschecken vor 11 Uhr am Abreisetag<br \/>\n(\u00c4nderungen der Zeiten sind m\u00f6glich und ein Gep\u00e4ckraum steht auf Anfrage zur Verf\u00fcgung).<br \/>\nSp\u00e4teres Einchecken muss unbedingt schon bei der Buchung angegeben werden,<br \/>\ndamit sich das Hotel darauf einstellen kann.<\/p>\n<p><strong>Coaching und Massagen<\/strong><br \/>\nThail\u00e4ndische Massagen und pers\u00f6nliches Coaching werden Ihnen auf vorherige Reservierung angeboten<\/p>\n<p><strong>Praktische Infos<\/strong><br \/>\nDas <strong>Eden Lodge Paris<\/strong> befindet sich in der Rue de Charonne 175 im 11. Arrondissement.<br \/>\nDie n\u00e4chste Metrostation Alexandre Dumas, wo die Linie 2 (Nation-Porte Dauphine) abf\u00e4hrt, liegt nur 2 Minuten Fu\u00dfweg entfernt.<br \/>\nDie Haltestelle des Bus 76 liegt in der Rue de Charonne 165 und f\u00e4hrt Sie bis zur Bastille, Ch\u00e2telet und Louvre-Rivoli.<br \/>\nDer Friedhof P\u00e8re Lachaise, auf dem zahlreiche Gr\u00e4ber von bekannten Pers\u00f6nlichkeiten und Ber\u00fchmtheiten zu finden sind, wird von 2 Millionen Besuchern j\u00e4hrlich besucht. Er liegt nur 5 Minuten zu Fu\u00df vom <strong>Eden Lodge Paris<\/strong> entfernt.<br \/>\nTaxis: Service G7 und Taxis Bleus.<br \/>\nBitte kontaktieren Sie uns f\u00fcr die Anmietung von gro\u00dfen Wagen oder f\u00fcr lange Strecken.<\/p>\n<p><img loading=\"lazy\" decoding=\"async\" class=\"alignnone size-full wp-image-135\" src=\"https:\/\/www.edenlodgeparis.net\/wp-content\/uploads\/2016\/02\/accueil-2.jpg\" alt=\"accueil-2\" width=\"2000\" height=\"932\" srcset=\"https:\/\/www.edenlodgeparis.net\/wp-content\/uploads\/2016\/02\/accueil-2.jpg 2000w, https:\/\/www.edenlodgeparis.net\/wp-content\/uploads\/2016\/02\/accueil-2-300x140.jpg 300w, https:\/\/www.edenlodgeparis.net\/wp-content\/uploads\/2016\/02\/accueil-2-768x358.jpg 768w, https:\/\/www.edenlodgeparis.net\/wp-content\/uploads\/2016\/02\/accueil-2-1024x477.jpg 1024w\" sizes=\"(max-width: 2000px) 100vw, 2000px\" \/><\/p>\n","protected":false},"excerpt":{"rendered":"<p>Maty\u00a0empf\u00e4ngt Sie bei Ihrer Ankunft und wird w\u00e4hrend Ihres Aufenthalts Ihre Gastgeberin sein. Sie serviert Ihnen Ihr Bio-Fr\u00fchst\u00fcck und wird Ihnen w\u00e4hrend diesem Augenblick und abends f\u00fcr jegliche Fragen bez\u00fcglich der Organisation Ihrer Reise zur Verf\u00fcgung stehen. Einchecken\/Auschecken Einchecken von 16 Uhr bis 20 Uhr und Auschecken vor 11 Uhr am Abreisetag (\u00c4nderungen der Zeiten sind m\u00f6glich und ein Gep\u00e4ckraum steht auf Anfrage zur Verf\u00fcgung). Sp\u00e4teres Einchecken muss unbedingt schon bei der Buchung angegeben werden, damit sich das Hotel darauf einstellen kann. Coaching und Massagen Thail\u00e4ndische Massagen und pers\u00f6nliches Coaching werden Ihnen auf vorherige Reservierung angeboten Praktische Infos Das Eden Lodge Paris befindet sich in der Rue de Charonne 175 im 11. Arrondissement. Die n\u00e4chste Metrostation Alexandre Dumas, wo die Linie 2 (Nation-Porte Dauphine) abf\u00e4hrt, liegt nur 2 Minuten Fu\u00dfweg entfernt. Die Haltestelle des Bus 76 liegt in der Rue de Charonne 165 und f\u00e4hrt Sie bis zur Bastille, Ch\u00e2telet und Louvre-Rivoli. Der Friedhof P\u00e8re Lachaise, auf dem zahlreiche Gr\u00e4ber von bekannten Pers\u00f6nlichkeiten und Ber\u00fchmtheiten zu finden sind, wird von 2 Millionen Besuchern j\u00e4hrlich besucht. Er liegt nur 5 Minuten zu Fu\u00df vom Eden Lodge Paris entfernt. Taxis: Service G7 und Taxis Bleus. Bitte kontaktieren Sie uns f\u00fcr die Anmietung [&hellip;]<\/p>\n","protected":false},"author":1,"featured_media":0,"parent":0,"menu_order":20,"comment_status":"closed","ping_status":"closed","template":"","meta":{"footnotes":""},"aioseo_notices":[],"_links":{"self":[{"href":"https:\/\/www.edenlodgeparis.net\/de\/wp-json\/wp\/v2\/pages\/423"}],"collection":[{"href":"https:\/\/www.edenlodgeparis.net\/de\/wp-json\/wp\/v2\/pages"}],"about":[{"href":"https:\/\/www.edenlodgeparis.net\/de\/wp-json\/wp\/v2\/types\/page"}],"author":[{"embeddable":true,"href":"https:\/\/www.edenlodgeparis.net\/de\/wp-json\/wp\/v2\/users\/1"}],"replies":[{"embeddable":true,"href":"https:\/\/www.edenlodgeparis.net\/de\/wp-json\/wp\/v2\/comments?post=423"}],"version-history":[{"count":5,"href":"https:\/\/www.edenlodgeparis.net\/de\/wp-json\/wp\/v2\/pages\/423\/revisions"}],"predecessor-version":[{"id":975,"href":"https:\/\/www.edenlodgeparis.net\/de\/wp-json\/wp\/v2\/pages\/423\/revisions\/975"}],"wp:attachment":[{"href":"https:\/\/www.edenlodgeparis.net\/de\/wp-json\/wp\/v2\/media?parent=423"}],"curies":[{"name":"wp","href":"https:\/\/api.w.org\/{rel}","templated":true}]}}