{"id":434,"date":"2016-02-23T10:25:29","date_gmt":"2016-02-23T09:25:29","guid":{"rendered":"http:\/\/www.edenlodgeparis.net\/de\/das-haus\/le-jardin\/"},"modified":"2020-12-01T12:17:25","modified_gmt":"2020-12-01T11:17:25","slug":"der-garten","status":"publish","type":"page","link":"https:\/\/www.edenlodgeparis.net\/de\/das-haus\/der-garten\/","title":{"rendered":"Der garten"},"content":{"rendered":"<h4>Ein \u00f6kologischer, wei\u00dfer und duftender Garten.<\/h4>\n<p><img loading=\"lazy\" decoding=\"async\" class=\"alignnone size-full wp-image-869\" src=\"https:\/\/www.edenlodgeparis.net\/wp-content\/uploads\/2016\/02\/EDEN-jardin.jpeg\" alt=\"EDEN-jardin\" width=\"640\" height=\"427\" srcset=\"https:\/\/www.edenlodgeparis.net\/wp-content\/uploads\/2016\/02\/EDEN-jardin.jpeg 640w, https:\/\/www.edenlodgeparis.net\/wp-content\/uploads\/2016\/02\/EDEN-jardin-300x200.jpeg 300w, https:\/\/www.edenlodgeparis.net\/wp-content\/uploads\/2016\/02\/EDEN-jardin-375x249.jpeg 375w, https:\/\/www.edenlodgeparis.net\/wp-content\/uploads\/2016\/02\/EDEN-jardin-450x299.jpeg 450w\" sizes=\"(max-width: 640px) 100vw, 640px\" \/><\/p>\n<p>Der Garten wurde in Einklang mit dem \u00f6kologischen Bauprojekt entworfen.<br \/>\nEs handelt sich um einen \u00d6kogarten mit einer Fl\u00e4che von 500 m2, in dem eine gro\u00dfe Anzahl der schon existierenden B\u00e4ume bewahrt wurden: Eiche, Atlaszeder (Symbol des Ecolodge), Pinie, Mistelbaum, japanischer Ahorn&#8230;<br \/>\nZiel war es, die Artenvielfalt des Gartens zu erh\u00f6hen, indem Pflanzen auf Basis von verschiedenen Kriterien wie Widerstandsf\u00e4higkeit, niedriger Wasserbedarf, lokales Vorkommen, lokale Lieferanten und Bio-Lieferanten ausgew\u00e4hlt wurden, und dabei im Auge zu behalten, dass er wei\u00df und duftend sein soll.<\/p>\n<p>Unter den gro\u00dfen Koniferen durchquert ein gemauerter Weg den Garten zum Ecolodge.<\/p>\n<p>Farne, Heuchera und Schaumbl\u00fcten \u00fcbers\u00e4en den Boden, Clematis Armandii, Hortensien<br \/>\nund Eidechsen bedecken die W\u00e4nde des Geb\u00e4udes. Sarcococca, Jasmin, Kamelien, Klematis und Orangenb\u00e4ume aus Mexika parf\u00fcmieren den Weg.<br \/>\nIhnen allen ist gemeinsam, dass sie wei\u00dfbl\u00fchend sind und durch ihre immergr\u00fcnen Bl\u00e4tter die wilde Seite dieses Gartens bewahren.<\/p>\n","protected":false},"excerpt":{"rendered":"<p>Ein \u00f6kologischer, wei\u00dfer und duftender Garten. Der Garten wurde in Einklang mit dem \u00f6kologischen Bauprojekt entworfen. Es handelt sich um einen \u00d6kogarten mit einer Fl\u00e4che von 500 m2, in dem eine gro\u00dfe Anzahl der schon existierenden B\u00e4ume bewahrt wurden: Eiche, Atlaszeder (Symbol des Ecolodge), Pinie, Mistelbaum, japanischer Ahorn&#8230; Ziel war es, die Artenvielfalt des Gartens zu erh\u00f6hen, indem Pflanzen auf Basis von verschiedenen Kriterien wie Widerstandsf\u00e4higkeit, niedriger Wasserbedarf, lokales Vorkommen, lokale Lieferanten und Bio-Lieferanten ausgew\u00e4hlt wurden, und dabei im Auge zu behalten, dass er wei\u00df und duftend sein soll. Unter den gro\u00dfen Koniferen durchquert ein gemauerter Weg den Garten zum Ecolodge. Farne, Heuchera und Schaumbl\u00fcten \u00fcbers\u00e4en den Boden, Clematis Armandii, Hortensien und Eidechsen bedecken die W\u00e4nde des Geb\u00e4udes. Sarcococca, Jasmin, Kamelien, Klematis und Orangenb\u00e4ume aus Mexika parf\u00fcmieren den Weg. Ihnen allen ist gemeinsam, dass sie wei\u00dfbl\u00fchend sind und durch ihre immergr\u00fcnen Bl\u00e4tter die wilde Seite dieses Gartens bewahren.<\/p>\n","protected":false},"author":1,"featured_media":0,"parent":431,"menu_order":0,"comment_status":"closed","ping_status":"closed","template":"","meta":{"footnotes":""},"aioseo_notices":[],"_links":{"self":[{"href":"https:\/\/www.edenlodgeparis.net\/de\/wp-json\/wp\/v2\/pages\/434"}],"collection":[{"href":"https:\/\/www.edenlodgeparis.net\/de\/wp-json\/wp\/v2\/pages"}],"about":[{"href":"https:\/\/www.edenlodgeparis.net\/de\/wp-json\/wp\/v2\/types\/page"}],"author":[{"embeddable":true,"href":"https:\/\/www.edenlodgeparis.net\/de\/wp-json\/wp\/v2\/users\/1"}],"replies":[{"embeddable":true,"href":"https:\/\/www.edenlodgeparis.net\/de\/wp-json\/wp\/v2\/comments?post=434"}],"version-history":[{"count":4,"href":"https:\/\/www.edenlodgeparis.net\/de\/wp-json\/wp\/v2\/pages\/434\/revisions"}],"predecessor-version":[{"id":903,"href":"https:\/\/www.edenlodgeparis.net\/de\/wp-json\/wp\/v2\/pages\/434\/revisions\/903"}],"up":[{"embeddable":true,"href":"https:\/\/www.edenlodgeparis.net\/de\/wp-json\/wp\/v2\/pages\/431"}],"wp:attachment":[{"href":"https:\/\/www.edenlodgeparis.net\/de\/wp-json\/wp\/v2\/media?parent=434"}],"curies":[{"name":"wp","href":"https:\/\/api.w.org\/{rel}","templated":true}]}}