{"id":437,"date":"2016-02-23T10:26:43","date_gmt":"2016-02-23T09:26:43","guid":{"rendered":"http:\/\/www.edenlodgeparis.net\/de\/das-haus\/privatisation\/"},"modified":"2020-12-01T12:18:43","modified_gmt":"2020-12-01T11:18:43","slug":"privat-mieten","status":"publish","type":"page","link":"https:\/\/www.edenlodgeparis.net\/de\/das-haus\/privat-mieten\/","title":{"rendered":"Privat mieten"},"content":{"rendered":"<p>Sie k\u00f6nnen das <strong>Eden Lodge Paris<\/strong> komplett f\u00fcr Ihre beruflichen Veranstaltungen mieten &#8211; wir bieten Ihnen unterschiedliche Leistungen an, herzlicher und individueller auf Sie zugeschnitten als in traditionellen Hotels.<\/p>\n<p>Dieses <strong>\u00f6kologische Haus<\/strong> passt besonders gut zu Ihren Veranstaltungen, Events oder Seminaren mit Themen rund um \u00d6kologie und Nachhaltigkeit, denn es ist einzigartig in seiner Art in ganz Paris.<\/p>\n<p>Bis zu 14 Personen k\u00f6nnen hier \u00fcbernachten und die minimale Anzahl f\u00fcr einen Cocktail-Empfang beispielsweise liegt bei 49 Personen.<\/p>\n<p>F\u00fcr die Privatisierung Preise, darunter 2 Suiten und 3 Schlafzimmer, wir danken Ihnen f\u00fcr Ihre Kontaktaufnahme.<\/p>\n<p><img loading=\"lazy\" decoding=\"async\" class=\"alignnone size-full wp-image-239\" src=\"https:\/\/www.edenlodgeparis.net\/wp-content\/uploads\/2016\/02\/edenlodge-paris-privatisation.jpg\" alt=\"edenlodge-paris-privatisation\" width=\"2000\" height=\"1059\" srcset=\"https:\/\/www.edenlodgeparis.net\/wp-content\/uploads\/2016\/02\/edenlodge-paris-privatisation.jpg 2000w, https:\/\/www.edenlodgeparis.net\/wp-content\/uploads\/2016\/02\/edenlodge-paris-privatisation-300x159.jpg 300w, https:\/\/www.edenlodgeparis.net\/wp-content\/uploads\/2016\/02\/edenlodge-paris-privatisation-768x407.jpg 768w, https:\/\/www.edenlodgeparis.net\/wp-content\/uploads\/2016\/02\/edenlodge-paris-privatisation-1024x542.jpg 1024w\" sizes=\"(max-width: 2000px) 100vw, 2000px\" \/><\/p>\n","protected":false},"excerpt":{"rendered":"<p>Sie k\u00f6nnen das Eden Lodge Paris komplett f\u00fcr Ihre beruflichen Veranstaltungen mieten &#8211; wir bieten Ihnen unterschiedliche Leistungen an, herzlicher und individueller auf Sie zugeschnitten als in traditionellen Hotels. Dieses \u00f6kologische Haus passt besonders gut zu Ihren Veranstaltungen, Events oder Seminaren mit Themen rund um \u00d6kologie und Nachhaltigkeit, denn es ist einzigartig in seiner Art in ganz Paris. Bis zu 14 Personen k\u00f6nnen hier \u00fcbernachten und die minimale Anzahl f\u00fcr einen Cocktail-Empfang beispielsweise liegt bei 49 Personen. F\u00fcr die Privatisierung Preise, darunter 2 Suiten und 3 Schlafzimmer, wir danken Ihnen f\u00fcr Ihre Kontaktaufnahme.<\/p>\n","protected":false},"author":1,"featured_media":0,"parent":431,"menu_order":20,"comment_status":"closed","ping_status":"closed","template":"","meta":{"footnotes":""},"aioseo_notices":[],"_links":{"self":[{"href":"https:\/\/www.edenlodgeparis.net\/de\/wp-json\/wp\/v2\/pages\/437"}],"collection":[{"href":"https:\/\/www.edenlodgeparis.net\/de\/wp-json\/wp\/v2\/pages"}],"about":[{"href":"https:\/\/www.edenlodgeparis.net\/de\/wp-json\/wp\/v2\/types\/page"}],"author":[{"embeddable":true,"href":"https:\/\/www.edenlodgeparis.net\/de\/wp-json\/wp\/v2\/users\/1"}],"replies":[{"embeddable":true,"href":"https:\/\/www.edenlodgeparis.net\/de\/wp-json\/wp\/v2\/comments?post=437"}],"version-history":[{"count":4,"href":"https:\/\/www.edenlodgeparis.net\/de\/wp-json\/wp\/v2\/pages\/437\/revisions"}],"predecessor-version":[{"id":908,"href":"https:\/\/www.edenlodgeparis.net\/de\/wp-json\/wp\/v2\/pages\/437\/revisions\/908"}],"up":[{"embeddable":true,"href":"https:\/\/www.edenlodgeparis.net\/de\/wp-json\/wp\/v2\/pages\/431"}],"wp:attachment":[{"href":"https:\/\/www.edenlodgeparis.net\/de\/wp-json\/wp\/v2\/media?parent=437"}],"curies":[{"name":"wp","href":"https:\/\/api.w.org\/{rel}","templated":true}]}}