{"id":448,"date":"2016-02-23T10:09:20","date_gmt":"2016-02-23T09:09:20","guid":{"rendered":"http:\/\/www.edenlodgeparis.net\/de\/tarifsreservations\/"},"modified":"2020-12-01T12:20:22","modified_gmt":"2020-12-01T11:20:22","slug":"preize","status":"publish","type":"page","link":"https:\/\/www.edenlodgeparis.net\/de\/preize\/","title":{"rendered":"PREISE"},"content":{"rendered":"<h6>PREISE &amp; GESCH\u00c4FTSBEDINGUNGEN<\/h6>\n<p><strong>Die Preise beziehen sich auf 1 Nacht inklusive Fr\u00fchst\u00fcck f\u00fcr 2 Personen<\/strong><\/p>\n<p>Alle unsere Zimmer sind mit einem Kingsize-Bett ausgestattet.<br \/>\nUHD-Fernseher &#8211; kostenloser schneller Internetverbindung (WLAN und Kabel) &#8211; Minibar und Safe<\/p>\n<p><strong>Standardpreise:<\/strong><\/p>\n<p><strong>SUITE<\/strong><br \/>\n<strong>350 \u20ac<\/strong><\/p>\n<p><strong>ZIMMER<\/strong><br \/>\n<strong>225 \u20ac<\/strong><\/p>\n<hr \/>\n<p><strong>Gesch\u00e4ftsbedingungen<\/strong><\/p>\n<p>Bei der Best\u00e4tigung: Es kann 30 % Vorauszahlung verlangt werden.<br \/>\nDer Restbetrag muss bei der Ankunft bezahlt werden.<\/p>\n<p>Zahlungsempf\u00e4nger: HI-LIFE, 175, rue de Charonne 75011 Paris (FRANKREICH)<br \/>\nZugunsten von: HI-LIFE<br \/>\nBIC: AGRIFRPP882<br \/>\nIBAN: FR76 1820 6002 7959 5837 3100 122<\/p>\n<p>Stornierungsbedingungen<br \/>\n\u00dcber 14 tag vorher: keine Kosten<br \/>\nWeniger als 14 tag vorher: 100% des Aufenthaltes muss bezahlt werden<\/p>\n<p><img loading=\"lazy\" decoding=\"async\" class=\"alignnone size-full wp-image-232\" src=\"https:\/\/www.edenlodgeparis.net\/wp-content\/uploads\/2016\/02\/edenlodge-paris-reservations.jpg\" alt=\"edenlodge-paris-reservations\" width=\"900\" height=\"370\" srcset=\"https:\/\/www.edenlodgeparis.net\/wp-content\/uploads\/2016\/02\/edenlodge-paris-reservations.jpg 900w, https:\/\/www.edenlodgeparis.net\/wp-content\/uploads\/2016\/02\/edenlodge-paris-reservations-300x123.jpg 300w, https:\/\/www.edenlodgeparis.net\/wp-content\/uploads\/2016\/02\/edenlodge-paris-reservations-768x316.jpg 768w\" sizes=\"(max-width: 900px) 100vw, 900px\" \/><\/p>\n","protected":false},"excerpt":{"rendered":"<p>PREISE &amp; GESCH\u00c4FTSBEDINGUNGEN Die Preise beziehen sich auf 1 Nacht inklusive Fr\u00fchst\u00fcck f\u00fcr 2 Personen Alle unsere Zimmer sind mit einem Kingsize-Bett ausgestattet. UHD-Fernseher &#8211; kostenloser schneller Internetverbindung (WLAN und Kabel) &#8211; Minibar und Safe Standardpreise: SUITE 350 \u20ac ZIMMER 225 \u20ac Gesch\u00e4ftsbedingungen Bei der Best\u00e4tigung: Es kann 30 % Vorauszahlung verlangt werden. Der Restbetrag muss bei der Ankunft bezahlt werden. Zahlungsempf\u00e4nger: HI-LIFE, 175, rue de Charonne 75011 Paris (FRANKREICH) Zugunsten von: HI-LIFE BIC: AGRIFRPP882 IBAN: FR76 1820 6002 7959 5837 3100 122 Stornierungsbedingungen \u00dcber 14 tag vorher: keine Kosten Weniger als 14 tag vorher: 100% des Aufenthaltes muss bezahlt werden<\/p>\n","protected":false},"author":1,"featured_media":0,"parent":0,"menu_order":50,"comment_status":"closed","ping_status":"closed","template":"","meta":{"footnotes":""},"aioseo_notices":[],"_links":{"self":[{"href":"https:\/\/www.edenlodgeparis.net\/de\/wp-json\/wp\/v2\/pages\/448"}],"collection":[{"href":"https:\/\/www.edenlodgeparis.net\/de\/wp-json\/wp\/v2\/pages"}],"about":[{"href":"https:\/\/www.edenlodgeparis.net\/de\/wp-json\/wp\/v2\/types\/page"}],"author":[{"embeddable":true,"href":"https:\/\/www.edenlodgeparis.net\/de\/wp-json\/wp\/v2\/users\/1"}],"replies":[{"embeddable":true,"href":"https:\/\/www.edenlodgeparis.net\/de\/wp-json\/wp\/v2\/comments?post=448"}],"version-history":[{"count":10,"href":"https:\/\/www.edenlodgeparis.net\/de\/wp-json\/wp\/v2\/pages\/448\/revisions"}],"predecessor-version":[{"id":914,"href":"https:\/\/www.edenlodgeparis.net\/de\/wp-json\/wp\/v2\/pages\/448\/revisions\/914"}],"wp:attachment":[{"href":"https:\/\/www.edenlodgeparis.net\/de\/wp-json\/wp\/v2\/media?parent=448"}],"curies":[{"name":"wp","href":"https:\/\/api.w.org\/{rel}","templated":true}]}}