{"id":455,"date":"2016-02-23T10:26:10","date_gmt":"2016-02-23T09:26:10","guid":{"rendered":"http:\/\/www.edenlodgeparis.net\/de\/preize-reservierung\/offres-speciales\/"},"modified":"2020-12-01T12:24:33","modified_gmt":"2020-12-01T11:24:33","slug":"forderungen","status":"publish","type":"page","link":"https:\/\/www.edenlodgeparis.net\/de\/preize\/forderungen\/","title":{"rendered":"F\u00f6rderungen"},"content":{"rendered":"<p>Unsere Aktionen und exklusiven Angebote werden direkt in unserem <a href=\"https:\/\/www.misterbooking.com\/booking_engine\/module_booking_engine\/index.php?id_etab=310c23e0c8cd8fc4aaf09197b4ebc8a3&amp;langue=allemand\" target=\"_blank\">Online-Buchungssystem<\/a> ver\u00f6ffentlicht, wo Sie von den besten Preisen profitieren.<\/p>\n<p>F\u00fcr jede Frage z\u00f6gern Sie nicht, <a href=\"https:\/\/www.edenlodgeparis.net\/de\/kontakt\/\">uns zu kontaktieren<\/a>.<\/p>\n","protected":false},"excerpt":{"rendered":"<p>Unsere Aktionen und exklusiven Angebote werden direkt in unserem Online-Buchungssystem ver\u00f6ffentlicht, wo Sie von den besten Preisen profitieren. F\u00fcr jede Frage z\u00f6gern Sie nicht, uns zu kontaktieren.<\/p>\n","protected":false},"author":1,"featured_media":0,"parent":448,"menu_order":10,"comment_status":"closed","ping_status":"closed","template":"","meta":{"footnotes":""},"aioseo_notices":[],"_links":{"self":[{"href":"https:\/\/www.edenlodgeparis.net\/de\/wp-json\/wp\/v2\/pages\/455"}],"collection":[{"href":"https:\/\/www.edenlodgeparis.net\/de\/wp-json\/wp\/v2\/pages"}],"about":[{"href":"https:\/\/www.edenlodgeparis.net\/de\/wp-json\/wp\/v2\/types\/page"}],"author":[{"embeddable":true,"href":"https:\/\/www.edenlodgeparis.net\/de\/wp-json\/wp\/v2\/users\/1"}],"replies":[{"embeddable":true,"href":"https:\/\/www.edenlodgeparis.net\/de\/wp-json\/wp\/v2\/comments?post=455"}],"version-history":[{"count":6,"href":"https:\/\/www.edenlodgeparis.net\/de\/wp-json\/wp\/v2\/pages\/455\/revisions"}],"predecessor-version":[{"id":919,"href":"https:\/\/www.edenlodgeparis.net\/de\/wp-json\/wp\/v2\/pages\/455\/revisions\/919"}],"up":[{"embeddable":true,"href":"https:\/\/www.edenlodgeparis.net\/de\/wp-json\/wp\/v2\/pages\/448"}],"wp:attachment":[{"href":"https:\/\/www.edenlodgeparis.net\/de\/wp-json\/wp\/v2\/media?parent=455"}],"curies":[{"name":"wp","href":"https:\/\/api.w.org\/{rel}","templated":true}]}}