{"id":457,"date":"2016-02-23T10:09:52","date_gmt":"2016-02-23T09:09:52","guid":{"rendered":"http:\/\/www.edenlodgeparis.net\/de\/activites\/"},"modified":"2020-12-01T12:26:22","modified_gmt":"2020-12-01T11:26:22","slug":"akivitaten","status":"publish","type":"page","link":"https:\/\/www.edenlodgeparis.net\/de\/akivitaten\/","title":{"rendered":"AKIVIT\u00c4TEN"},"content":{"rendered":"<p>Abgesehen von gro\u00dfartigen Ausstellungen und der Besichtigung der Pariser Sehensw\u00fcrdigkeiten, f\u00fcr die Sie vielleicht gekommen sind und f\u00fcr die Sie bestimmt schon Reservierungen get\u00e4tigt haben (wenn nicht, vergessen Sie es nicht, so vermeiden Sie endlose Warteschlangen!), haben wir weitere Vorschl\u00e4ge f\u00fcr Sie Paris kennenzulernen oder im 11. Arrondissement herumzuspazieren.<\/p>\n<p><strong>Edwige Riallot bietet Besuche der Parks und G\u00e4rten von Paris an.<\/strong><br \/>\nSie mag das <strong>Eden Lodge Paris<\/strong> sehr und bietet Ihnen die Organisation von privaten Besichtigungen an. Sie holt Sie im Hotel ab und nimmt Sie mit auf die Besuche der Parks und G\u00e4rten Ihrer Wahl.<br \/>\n<a href=\"https:\/\/www.lefildesjardins.com\/\" target=\"_blank\">www.lefildesjardins.com<\/a><\/p>\n<p>Wenn Sie alleine losziehen m\u00f6chten, hier ist eine Website, die alle G\u00e4rten im 11. Arrondissement auflistet, damit Sie einen gr\u00fcnen Spaziergang durch Paris genie\u00dfen k\u00f6nnen.<br \/>\n<a href=\"https:\/\/www.evous.fr\/Parcs-et-Jardins-Paris-11e.html\" target=\"_blank\">www.evous.fr\/Parcs-et-Jardins-Paris-11e<\/a><\/p>\n<p>Ein Spaziergang durch das Viertel? Folgen Sie dem Link \u201e<strong>Une pause enchant\u00e9e dans le 20\u00e8me<\/strong>\u201c und entdecken Sie noch viele andere Ideen&#8230;<br \/>\n<a href=\"https:\/\/quefaire.paris.fr\/articles\/65\" target=\"_blank\">www.quefaire.paris.fr<\/a><\/p>\n<p><strong>St\u00f6bern Sie gern auf Tr\u00f6delm\u00e4rkten?<\/strong> Hier ist ein Link, der Ihnen alle Antikm\u00e4rkte und Flohm\u00e4rkte in Paris nennt<br \/>\n<a href=\"https:\/\/www.evous.fr\/Brocantes-et-vide-greniers-a-Paris-1147829.html\" target=\"_blank\">www.evous.fr\/Brocantes-et-vide-greniers-a-Paris<\/a><\/p>\n<p>Und nicht zuletzt gibt es das Office du Tourisme de Paris, das Ihnen F\u00fchrer f\u00fcr einzelne Viertel oder bestimmte Themen nennen kann, sodass Sie sich bestens auf Ihre Reise vorbereiten k\u00f6nnen.<br \/>\n<a href=\"https:\/\/www.parisinfo.com\/decouvrir-paris\/balades-a-paris\/paris-par-quartier\" target=\"_blank\">www.parisinfo.com<\/a><\/p>\n<p>&nbsp;<\/p>\n<p><img loading=\"lazy\" decoding=\"async\" class=\"alignnone size-full wp-image-247\" src=\"https:\/\/www.edenlodgeparis.net\/wp-content\/uploads\/2016\/02\/eden-lodge-paris-1.jpg\" alt=\"eden-lodge-paris-1\" width=\"2000\" height=\"1202\" srcset=\"https:\/\/www.edenlodgeparis.net\/wp-content\/uploads\/2016\/02\/eden-lodge-paris-1.jpg 2000w, https:\/\/www.edenlodgeparis.net\/wp-content\/uploads\/2016\/02\/eden-lodge-paris-1-300x180.jpg 300w, https:\/\/www.edenlodgeparis.net\/wp-content\/uploads\/2016\/02\/eden-lodge-paris-1-768x462.jpg 768w, https:\/\/www.edenlodgeparis.net\/wp-content\/uploads\/2016\/02\/eden-lodge-paris-1-1024x615.jpg 1024w\" sizes=\"(max-width: 2000px) 100vw, 2000px\" \/><\/p>\n","protected":false},"excerpt":{"rendered":"<p>Abgesehen von gro\u00dfartigen Ausstellungen und der Besichtigung der Pariser Sehensw\u00fcrdigkeiten, f\u00fcr die Sie vielleicht gekommen sind und f\u00fcr die Sie bestimmt schon Reservierungen get\u00e4tigt haben (wenn nicht, vergessen Sie es nicht, so vermeiden Sie endlose Warteschlangen!), haben wir weitere Vorschl\u00e4ge f\u00fcr Sie Paris kennenzulernen oder im 11. Arrondissement herumzuspazieren. Edwige Riallot bietet Besuche der Parks und G\u00e4rten von Paris an. Sie mag das Eden Lodge Paris sehr und bietet Ihnen die Organisation von privaten Besichtigungen an. Sie holt Sie im Hotel ab und nimmt Sie mit auf die Besuche der Parks und G\u00e4rten Ihrer Wahl. www.lefildesjardins.com Wenn Sie alleine losziehen m\u00f6chten, hier ist eine Website, die alle G\u00e4rten im 11. Arrondissement auflistet, damit Sie einen gr\u00fcnen Spaziergang durch Paris genie\u00dfen k\u00f6nnen. www.evous.fr\/Parcs-et-Jardins-Paris-11e Ein Spaziergang durch das Viertel? Folgen Sie dem Link \u201eUne pause enchant\u00e9e dans le 20\u00e8me\u201c und entdecken Sie noch viele andere Ideen&#8230; www.quefaire.paris.fr St\u00f6bern Sie gern auf Tr\u00f6delm\u00e4rkten? Hier ist ein Link, der Ihnen alle Antikm\u00e4rkte und Flohm\u00e4rkte in Paris nennt www.evous.fr\/Brocantes-et-vide-greniers-a-Paris Und nicht zuletzt gibt es das Office du Tourisme de Paris, das Ihnen F\u00fchrer f\u00fcr einzelne Viertel oder bestimmte Themen nennen kann, sodass Sie sich bestens auf Ihre Reise vorbereiten k\u00f6nnen. www.parisinfo.com &nbsp;<\/p>\n","protected":false},"author":1,"featured_media":0,"parent":0,"menu_order":60,"comment_status":"closed","ping_status":"closed","template":"","meta":{"footnotes":""},"aioseo_notices":[],"_links":{"self":[{"href":"https:\/\/www.edenlodgeparis.net\/de\/wp-json\/wp\/v2\/pages\/457"}],"collection":[{"href":"https:\/\/www.edenlodgeparis.net\/de\/wp-json\/wp\/v2\/pages"}],"about":[{"href":"https:\/\/www.edenlodgeparis.net\/de\/wp-json\/wp\/v2\/types\/page"}],"author":[{"embeddable":true,"href":"https:\/\/www.edenlodgeparis.net\/de\/wp-json\/wp\/v2\/users\/1"}],"replies":[{"embeddable":true,"href":"https:\/\/www.edenlodgeparis.net\/de\/wp-json\/wp\/v2\/comments?post=457"}],"version-history":[{"count":3,"href":"https:\/\/www.edenlodgeparis.net\/de\/wp-json\/wp\/v2\/pages\/457\/revisions"}],"predecessor-version":[{"id":924,"href":"https:\/\/www.edenlodgeparis.net\/de\/wp-json\/wp\/v2\/pages\/457\/revisions\/924"}],"wp:attachment":[{"href":"https:\/\/www.edenlodgeparis.net\/de\/wp-json\/wp\/v2\/media?parent=457"}],"curies":[{"name":"wp","href":"https:\/\/api.w.org\/{rel}","templated":true}]}}