{"id":460,"date":"2016-02-10T17:35:22","date_gmt":"2016-02-10T16:35:22","guid":{"rendered":"http:\/\/www.edenlodgeparis.net\/de\/akivitaten\/coaching\/"},"modified":"2020-12-01T12:28:22","modified_gmt":"2020-12-01T11:28:22","slug":"coaching","status":"publish","type":"page","link":"https:\/\/www.edenlodgeparis.net\/de\/akivitaten\/coaching\/","title":{"rendered":"Coaching"},"content":{"rendered":"<p><img loading=\"lazy\" decoding=\"async\" class=\"alignnone size-full wp-image-16\" src=\"https:\/\/www.edenlodgeparis.net\/wp-content\/uploads\/2016\/01\/edenlodgeparis-slide-1.jpg\" alt=\"edenlodgeparis-slide-1\" width=\"1400\" height=\"800\" srcset=\"https:\/\/www.edenlodgeparis.net\/wp-content\/uploads\/2016\/01\/edenlodgeparis-slide-1.jpg 1400w, https:\/\/www.edenlodgeparis.net\/wp-content\/uploads\/2016\/01\/edenlodgeparis-slide-1-300x171.jpg 300w, https:\/\/www.edenlodgeparis.net\/wp-content\/uploads\/2016\/01\/edenlodgeparis-slide-1-768x439.jpg 768w, https:\/\/www.edenlodgeparis.net\/wp-content\/uploads\/2016\/01\/edenlodgeparis-slide-1-1024x585.jpg 1024w, https:\/\/www.edenlodgeparis.net\/wp-content\/uploads\/2016\/01\/edenlodgeparis-slide-1-260x150.jpg 260w\" sizes=\"(max-width: 1400px) 100vw, 1400px\" \/><\/p>\n<p><img loading=\"lazy\" decoding=\"async\" class=\"size-full wp-image-141 alignright\" src=\"https:\/\/www.edenlodgeparis.net\/wp-content\/uploads\/2016\/02\/jonathan-millien.jpg\" alt=\"jonathan-millien\" width=\"241\" height=\"270\" \/><\/p>\n<p><strong>Jonathan Millien<\/strong> ist ein Coach, der f\u00fcr Ihr Wohlbefinden, Ihre Entspannung oder eine Verbesserung Ihre k\u00f6rperlichen Fitness da ist.<\/p>\n<p>Er besitzt ein staatliches Diplom und ist f\u00fcr unterschiedliche Wellness- und Gesundheits-Methoden und Techniken ausgebildet.<br \/>\nAls ehemaliges Mitglied des franz\u00f6sischen Kung-Fu Wushu Teams und des Sanda-Boxteams f\u00fcr \u00fcber 10 Jahre.<br \/>\nAu\u00dferdem ist er TRAINER im CLUB MED GYM und aktuell TRAINER im CMG.<\/p>\n<p>Er bietet auf Wunsch an:<br \/>\n<strong>MUSKELAUFBAU<\/strong><br \/>\n<strong>STRETCHING<\/strong> (Dehnung und Geschmeidigmachen der Sehnen)<br \/>\n<strong>STRALA YOGA<\/strong> (Koordination von K\u00f6rper und Geist, sanfte Gymnastik)<br \/>\n<strong>BOXING-TRAINING<\/strong> (Einsatz von Trainingsmethoden von Box- und Trittkampf, Verbesserung der Koordination und allgemeinen k\u00f6rperlichen Ausdauer)<br \/>\n<strong>TRX SUSPENSION-TRAINING<\/strong> (St\u00e4rkung der Muskeln)<br \/>\n<strong>HIGH INTENSITY TRAINING<\/strong> (Verbesserung der k\u00f6rperlichen Ausdauer)<br \/>\n<strong>THAIL\u00c4NDISCHE MASSAGEN<\/strong> und <strong>AKUPRESSUR<\/strong> (f\u00fcr die Entspannung und das Wohlbefinden).<\/p>\n<p>Sie k\u00f6nnen bei der Reservierung Stunden buchen oder uns bei Ihrer Ankunft ansprechen.<\/p>\n","protected":false},"excerpt":{"rendered":"<p>Jonathan Millien ist ein Coach, der f\u00fcr Ihr Wohlbefinden, Ihre Entspannung oder eine Verbesserung Ihre k\u00f6rperlichen Fitness da ist. Er besitzt ein staatliches Diplom und ist f\u00fcr unterschiedliche Wellness- und Gesundheits-Methoden und Techniken ausgebildet. Als ehemaliges Mitglied des franz\u00f6sischen Kung-Fu Wushu Teams und des Sanda-Boxteams f\u00fcr \u00fcber 10 Jahre. Au\u00dferdem ist er TRAINER im CLUB MED GYM und aktuell TRAINER im CMG. Er bietet auf Wunsch an: MUSKELAUFBAU STRETCHING (Dehnung und Geschmeidigmachen der Sehnen) STRALA YOGA (Koordination von K\u00f6rper und Geist, sanfte Gymnastik) BOXING-TRAINING (Einsatz von Trainingsmethoden von Box- und Trittkampf, Verbesserung der Koordination und allgemeinen k\u00f6rperlichen Ausdauer) TRX SUSPENSION-TRAINING (St\u00e4rkung der Muskeln) HIGH INTENSITY TRAINING (Verbesserung der k\u00f6rperlichen Ausdauer) THAIL\u00c4NDISCHE MASSAGEN und AKUPRESSUR (f\u00fcr die Entspannung und das Wohlbefinden). Sie k\u00f6nnen bei der Reservierung Stunden buchen oder uns bei Ihrer Ankunft ansprechen.<\/p>\n","protected":false},"author":1,"featured_media":0,"parent":457,"menu_order":0,"comment_status":"closed","ping_status":"closed","template":"","meta":{"footnotes":""},"aioseo_notices":[],"_links":{"self":[{"href":"https:\/\/www.edenlodgeparis.net\/de\/wp-json\/wp\/v2\/pages\/460"}],"collection":[{"href":"https:\/\/www.edenlodgeparis.net\/de\/wp-json\/wp\/v2\/pages"}],"about":[{"href":"https:\/\/www.edenlodgeparis.net\/de\/wp-json\/wp\/v2\/types\/page"}],"author":[{"embeddable":true,"href":"https:\/\/www.edenlodgeparis.net\/de\/wp-json\/wp\/v2\/users\/1"}],"replies":[{"embeddable":true,"href":"https:\/\/www.edenlodgeparis.net\/de\/wp-json\/wp\/v2\/comments?post=460"}],"version-history":[{"count":3,"href":"https:\/\/www.edenlodgeparis.net\/de\/wp-json\/wp\/v2\/pages\/460\/revisions"}],"predecessor-version":[{"id":929,"href":"https:\/\/www.edenlodgeparis.net\/de\/wp-json\/wp\/v2\/pages\/460\/revisions\/929"}],"up":[{"embeddable":true,"href":"https:\/\/www.edenlodgeparis.net\/de\/wp-json\/wp\/v2\/pages\/457"}],"wp:attachment":[{"href":"https:\/\/www.edenlodgeparis.net\/de\/wp-json\/wp\/v2\/media?parent=460"}],"curies":[{"name":"wp","href":"https:\/\/api.w.org\/{rel}","templated":true}]}}