{"id":472,"date":"2016-02-23T10:22:32","date_gmt":"2016-02-23T09:22:32","guid":{"rendered":"http:\/\/www.edenlodgeparis.net\/de\/situation\/"},"modified":"2016-10-19T07:46:05","modified_gmt":"2016-10-19T06:46:05","slug":"lage","status":"publish","type":"page","link":"https:\/\/www.edenlodgeparis.net\/de\/empfang\/lage\/","title":{"rendered":"Lage"},"content":{"rendered":"<h4>Das viertel<\/h4>\n<p>Im <strong>Eden Lodge Paris<\/strong> befinden Sie sich in einer gr\u00fcnen und \u00f6kologischen Oase inmitten eines sehr lebhaften Viertels, das direkt vor Ihrer T\u00fcr liegt.<\/p>\n<p>Hier finden Sie zahlreiche Restaurants, die von jungen und talentierten K\u00fcchenchefs gef\u00fchrt werden, die ihr Viertel lieben sowie andere etablierte, die schon lange hier ans\u00e4ssig sind und die Klassiker der franz\u00f6sischen K\u00fcche anbieten.<br \/>\nEs erwarten Sie au\u00dferdem zahlreiche Bars, Weinkeller, Themenbars &#8211; probieren Sie sie aus!<\/p>\n<p>Nicht zu vergessen sind die Shopping-Meilen wie im Faubourg St Antoine, wo man au\u00dferdem in den angrenzenden Passagen die althergebrachte Handwerkskunst dieses ehemaligen Viertels der Kunsttischler, Polsterer und M\u00f6belhersteller kennenlernen kann. Eine fr\u00f6hliche und herzliche Mischung, die dem Viertel seinen Charme und seine Originalit\u00e4t verleiht.<\/p>\n<p>Eine Liste unserer Tipps wird Ihnen bei Ihrer Ankunft \u00fcberreicht.<\/p>\n<p><a href=\"http:\/\/www.pariszigzag.fr\/sortir-paris\/balade-paris\/eglise-medievale-charonne-20eme\" target=\"_blank\">Paris ZigZag<\/a><\/p>\n<p><iframe loading=\"lazy\" style=\"border: 0;\" src=\"https:\/\/www.google.com\/maps\/embed?pb=!1m18!1m12!1m3!1d2625.1084669915003!2d2.389564651434045!3d48.856142008717164!2m3!1f0!2f0!3f0!3m2!1i1024!2i768!4f13.1!3m3!1m2!1s0x47e66d8a8e8dc25d%3A0xb513af49daa33bd3!2s175+Rue+de+Charonne%2C+75011+Paris!5e0!3m2!1sfr!2sfr!4v1453297531795\" width=\"818\" height=\"300\" frameborder=\"0\" allowfullscreen=\"allowfullscreen\"><\/iframe><\/p>\n","protected":false},"excerpt":{"rendered":"<p>Das viertel Im Eden Lodge Paris befinden Sie sich in einer gr\u00fcnen und \u00f6kologischen Oase inmitten eines sehr lebhaften Viertels, das direkt vor Ihrer T\u00fcr liegt. Hier finden Sie zahlreiche Restaurants, die von jungen und talentierten K\u00fcchenchefs gef\u00fchrt werden, die ihr Viertel lieben sowie andere etablierte, die schon lange hier ans\u00e4ssig sind und die Klassiker der franz\u00f6sischen K\u00fcche anbieten. Es erwarten Sie au\u00dferdem zahlreiche Bars, Weinkeller, Themenbars &#8211; probieren Sie sie aus! Nicht zu vergessen sind die Shopping-Meilen wie im Faubourg St Antoine, wo man au\u00dferdem in den angrenzenden Passagen die althergebrachte Handwerkskunst dieses ehemaligen Viertels der Kunsttischler, Polsterer und M\u00f6belhersteller kennenlernen kann. Eine fr\u00f6hliche und herzliche Mischung, die dem Viertel seinen Charme und seine Originalit\u00e4t verleiht. Eine Liste unserer Tipps wird Ihnen bei Ihrer Ankunft \u00fcberreicht. Paris ZigZag<\/p>\n","protected":false},"author":1,"featured_media":0,"parent":423,"menu_order":10,"comment_status":"closed","ping_status":"closed","template":"","meta":{"footnotes":""},"aioseo_notices":[],"_links":{"self":[{"href":"https:\/\/www.edenlodgeparis.net\/de\/wp-json\/wp\/v2\/pages\/472"}],"collection":[{"href":"https:\/\/www.edenlodgeparis.net\/de\/wp-json\/wp\/v2\/pages"}],"about":[{"href":"https:\/\/www.edenlodgeparis.net\/de\/wp-json\/wp\/v2\/types\/page"}],"author":[{"embeddable":true,"href":"https:\/\/www.edenlodgeparis.net\/de\/wp-json\/wp\/v2\/users\/1"}],"replies":[{"embeddable":true,"href":"https:\/\/www.edenlodgeparis.net\/de\/wp-json\/wp\/v2\/comments?post=472"}],"version-history":[{"count":5,"href":"https:\/\/www.edenlodgeparis.net\/de\/wp-json\/wp\/v2\/pages\/472\/revisions"}],"predecessor-version":[{"id":801,"href":"https:\/\/www.edenlodgeparis.net\/de\/wp-json\/wp\/v2\/pages\/472\/revisions\/801"}],"up":[{"embeddable":true,"href":"https:\/\/www.edenlodgeparis.net\/de\/wp-json\/wp\/v2\/pages\/423"}],"wp:attachment":[{"href":"https:\/\/www.edenlodgeparis.net\/de\/wp-json\/wp\/v2\/media?parent=472"}],"curies":[{"name":"wp","href":"https:\/\/api.w.org\/{rel}","templated":true}]}}