{"id":1218,"date":"2023-06-27T08:53:58","date_gmt":"2023-06-27T07:53:58","guid":{"rendered":"https:\/\/www.edenlodgeparis.net\/accueil-2\/"},"modified":"2025-03-18T11:17:33","modified_gmt":"2025-03-18T10:17:33","slug":"accueil-2","status":"publish","type":"page","link":"https:\/\/www.edenlodgeparis.net\/es\/","title":{"rendered":"ACCUEIL ES"},"content":{"rendered":"<div class=\"wpb-content-wrapper\"><p>[vc_row full_width=\u00bbstretch_row_content_no_spaces\u00bb content_placement=\u00bbtop\u00bb css=\u00bb.vc_custom_1687864454849{margin-top: -60px !important;background-position: center !important;background-repeat: no-repeat !important;background-size: cover !important;}\u00bb][vc_column css=\u00bb.vc_custom_1687853836874{background-position: center !important;background-repeat: no-repeat !important;background-size: cover !important;}\u00bb][vc_video link=\u00bbhttps:\/\/youtu.be\/EflVvnRdp04&#8243;][\/vc_column][\/vc_row][vc_row][vc_column][vc_column_text]<\/p>\n<h2 style=\"text-align: center;\">EL ECOLODGE DE LUJO PARISINO<\/h2>\n<p style=\"text-align: center;\">Una casa libre de carbono de alt\u00edsimo rendimiento ecol\u00f3gico. El ambiente distendido de una casa de hu\u00e9spedes. La naturaleza en el coraz\u00f3n de Par\u00eds.<\/p>\n<p>[\/vc_column_text][vc_empty_space height=\u00bb12px\u00bb][vc_separator el_width=\u00bb30&#8243;][vc_btn title=\u00bbVIRTUAL VISIT\u00bb color=\u00bbwarning\u00bb align=\u00bbcenter\u00bb link=\u00bburl:https%3A%2F%2Fwww.edenlodgeparis.net%2Fes%2Fvirtual-visit%2F\u00bb][vc_separator el_width=\u00bb30&#8243;][vc_empty_space height=\u00bb12px\u00bb][vc_single_image image=\u00bb1063&#8243; img_size=\u00bb122&#215;59&#8243; alignment=\u00bbcenter\u00bb onclick=\u00bbcustom_link\u00bb img_link_target=\u00bb_blank\u00bb link=\u00bbhttps:\/\/www.hi-life.fr\/\u00bb][vc_column_text css=\u00bb.vc_custom_1687887333492{margin-top: -30px !important;padding-top: -30px !important;}\u00bb]<\/p>\n<p style=\"text-align: center;\">Una selecci\u00f3n de hoteles ecol\u00f3gicos en lugares excepcionales<\/p>\n<p>[\/vc_column_text][vc_empty_space height=\u00bb12px\u00bb][vc_single_image image=\u00bb743&#8243; img_size=\u00bb150&#215;150&#8243; alignment=\u00bbcenter\u00bb][vc_column_text]<\/p>\n<p style=\"text-align: center;\">El Eden Lodge Paris obtuvo la etiqueta ecol\u00f3gica europea en 2022<\/p>\n<p>[\/vc_column_text][vc_single_image image=\u00bb1352&#8243; img_size=\u00bb200&#215;231&#8243; alignment=\u00bbcenter\u00bb css=\u00bb\u00bb][vc_single_image image=\u00bb834&#8243; img_size=\u00bb154&#215;151&#8243; alignment=\u00bbcenter\u00bb onclick=\u00bbcustom_link\u00bb img_link_target=\u00bb_blank\u00bb link=\u00bbhttps:\/\/www.tripadvisor.fr\/Hotel_Review-g187147-d8873883-Reviews-Eden_Lodge_Paris-Paris_Ile_de_France.html\u00bb][vc_column_text]<\/p>\n<p style=\"text-align: center;\">El Eden Lodge ha sido reconocido recientemente por Fodor&#8217;s Travel como uno de los mejores de \u00ab<a href=\"https:\/\/www.fodors.com\/world\/europe\/france\/paris\/hotels\/history-list\/8-fabulous-paris-design-hotels\" target=\"_blank\" rel=\"noopener\"><strong><span style=\"color: #c67c0f;\">8 Fabulous Paris Design Hotels<\/span><\/strong><\/a>\u00ab<\/p>\n<p>[\/vc_column_text][vc_single_image image=\u00bb1110&#8243; img_size=\u00bb150&#215;150&#8243; alignment=\u00bbcenter\u00bb][vc_empty_space height=\u00bb12px\u00bb][\/vc_column][\/vc_row][vc_row gap=\u00bb35&#8243; css=\u00bb.vc_custom_1687857371489{margin-right: 60px !important;margin-left: 60px !important;}\u00bb][vc_column css_animation=\u00bbbounceInUp\u00bb width=\u00bb1\/2&#8243;][vc_single_image image=\u00bb1158&#8243; img_size=\u00bb450&#215;299&#8243; alignment=\u00bbcenter\u00bb onclick=\u00bbcustom_link\u00bb link=\u00bbhttps:\/\/www.edenlodgeparis.net\/es\/rooms\/suite-montsouris\/\u00bb][vc_column_text css=\u00bb.vc_custom_1687887453091{margin-top: -20px !important;}\u00bb]<\/p>\n<h3 style=\"text-align: center;\"><a href=\"https:\/\/www.edenlodgeparis.net\/es\/rooms\/suite-montsouris\/\"><strong>SUITE MONTSOURIS<\/strong><\/a><\/h3>\n<p>[\/vc_column_text][vc_separator el_width=\u00bb70&#8243; css=\u00bb.vc_custom_1687858026382{margin-top: -20px !important;margin-bottom: -1px !important;}\u00bb][vc_column_text css=\u00bb.vc_custom_1687887498355{margin-top: 15px !important;}\u00bb]<\/p>\n<p style=\"text-align: center;\">Camas : 2<\/p>\n<p style=\"text-align: center;\">M\u00e1ximo de personas :<img loading=\"lazy\" decoding=\"async\" class=\"alignnone size-full wp-image-1152\" src=\"https:\/\/www.edenlodgeparis.net\/wp-content\/uploads\/2023\/06\/perso-4.jpg\" alt=\"\" width=\"43\" height=\"14\" \/><\/p>\n<p>[\/vc_column_text][\/vc_column][vc_column css_animation=\u00bbbounceInUp\u00bb width=\u00bb1\/2&#8243;][vc_single_image image=\u00bb1147&#8243; img_size=\u00bb450&#215;299&#8243; alignment=\u00bbcenter\u00bb onclick=\u00bbcustom_link\u00bb link=\u00bbhttps:\/\/www.edenlodgeparis.net\/es\/rooms\/suite-monceau\/\u00bb][vc_column_text css=\u00bb.vc_custom_1687859675388{margin-top: -20px !important;}\u00bb]<\/p>\n<h3 style=\"text-align: center;\"><a href=\"https:\/\/www.edenlodgeparis.net\/es\/rooms\/suite-monceau\/\"><strong>SUITE MONCEAU<\/strong><\/a><\/h3>\n<p>[\/vc_column_text][vc_separator el_width=\u00bb70&#8243; css=\u00bb.vc_custom_1687858026382{margin-top: -20px !important;margin-bottom: -1px !important;}\u00bb][vc_column_text css=\u00bb.vc_custom_1687887498355{margin-top: 15px !important;}\u00bb]<\/p>\n<p style=\"text-align: center;\">Camas : 2<\/p>\n<p style=\"text-align: center;\">M\u00e1ximo de personas :<img loading=\"lazy\" decoding=\"async\" class=\"alignnone size-full wp-image-1152\" src=\"https:\/\/www.edenlodgeparis.net\/wp-content\/uploads\/2023\/06\/perso-4.jpg\" alt=\"\" width=\"43\" height=\"14\" \/><\/p>\n<p>[\/vc_column_text][\/vc_column][\/vc_row][vc_row gap=\u00bb35&#8243; css=\u00bb.vc_custom_1687857371489{margin-right: 60px !important;margin-left: 60px !important;}\u00bb][vc_column css_animation=\u00bbbounceInUp\u00bb width=\u00bb1\/2&#8243;][vc_single_image image=\u00bb1117&#8243; img_size=\u00bb450&#215;299&#8243; alignment=\u00bbcenter\u00bb onclick=\u00bbcustom_link\u00bb link=\u00bbhttps:\/\/www.edenlodgeparis.net\/es\/rooms\/chambre-belleville-2\/\u00bb][vc_column_text css=\u00bb.vc_custom_1687887585657{margin-top: -20px !important;}\u00bb]<\/p>\n<h3 style=\"text-align: center;\"><a href=\"https:\/\/www.edenlodgeparis.net\/es\/rooms\/chambre-belleville-2\/\"><strong>HABITACI\u00d3N BELLEVILLE<\/strong><\/a><\/h3>\n<p>[\/vc_column_text][vc_separator el_width=\u00bb70&#8243; css=\u00bb.vc_custom_1687858026382{margin-top: -20px !important;margin-bottom: -1px !important;}\u00bb][vc_column_text css=\u00bb.vc_custom_1687887618562{margin-top: 15px !important;}\u00bb]<\/p>\n<p style=\"text-align: center;\">Camas : 1<\/p>\n<p style=\"text-align: center;\">M\u00e1ximo de personas :<img loading=\"lazy\" decoding=\"async\" class=\"alignnone size-full wp-image-1129 aligncenter\" src=\"https:\/\/www.edenlodgeparis.net\/wp-content\/uploads\/2023\/06\/perso-2.jpg\" alt=\"\" width=\"25\" height=\"14\" \/><\/p>\n<p>[\/vc_column_text][\/vc_column][vc_column css_animation=\u00bbbounceInUp\u00bb width=\u00bb1\/2&#8243;][vc_single_image image=\u00bb1122&#8243; img_size=\u00bb450&#215;299&#8243; alignment=\u00bbcenter\u00bb onclick=\u00bbcustom_link\u00bb link=\u00bbhttps:\/\/www.edenlodgeparis.net\/es\/rooms\/chambre-buttes-chaumont\/\u00bb][vc_column_text css=\u00bb.vc_custom_1687887669209{margin-top: -20px !important;}\u00bb]<\/p>\n<h3 style=\"text-align: center;\"><a href=\"https:\/\/www.edenlodgeparis.net\/es\/rooms\/chambre-buttes-chaumont\/\"><strong>HABITACI\u00d3N BUTTES-CHAUMONT<\/strong><\/a><\/h3>\n<p>[\/vc_column_text][vc_separator el_width=\u00bb70&#8243; css=\u00bb.vc_custom_1687858026382{margin-top: -20px !important;margin-bottom: -1px !important;}\u00bb][vc_column_text css=\u00bb.vc_custom_1687887618562{margin-top: 15px !important;}\u00bb]<\/p>\n<p style=\"text-align: center;\">Camas : 1<\/p>\n<p style=\"text-align: center;\">M\u00e1ximo de personas :<img loading=\"lazy\" decoding=\"async\" class=\"alignnone size-full wp-image-1129 aligncenter\" src=\"https:\/\/www.edenlodgeparis.net\/wp-content\/uploads\/2023\/06\/perso-2.jpg\" alt=\"\" width=\"25\" height=\"14\" \/><\/p>\n<p>[\/vc_column_text][\/vc_column][\/vc_row][vc_row gap=\u00bb35&#8243; css=\u00bb.vc_custom_1687857371489{margin-right: 60px !important;margin-left: 60px !important;}\u00bb][vc_column css_animation=\u00bbbounceInUp\u00bb][vc_single_image image=\u00bb1166&#8243; img_size=\u00bb450&#215;299&#8243; alignment=\u00bbcenter\u00bb onclick=\u00bbcustom_link\u00bb link=\u00bbhttps:\/\/www.edenlodgeparis.net\/es\/rooms\/bagatelle\/\u00bb][vc_column_text css=\u00bb.vc_custom_1687887708568{margin-top: -20px !important;}\u00bb]<\/p>\n<h3 style=\"text-align: center;\"><a href=\"https:\/\/www.edenlodgeparis.net\/es\/rooms\/bagatelle\/\"><strong>HABITACI\u00d3N BAGATELLE<\/strong><\/a><\/h3>\n<p>[\/vc_column_text][vc_separator el_width=\u00bb30&#8243; css=\u00bb.vc_custom_1687860129365{margin-top: -20px !important;margin-bottom: -1px !important;}\u00bb][vc_column_text css=\u00bb.vc_custom_1687887618562{margin-top: 15px !important;}\u00bb]<\/p>\n<p style=\"text-align: center;\">Camas : 1<\/p>\n<p style=\"text-align: center;\">M\u00e1ximo de personas :<img loading=\"lazy\" decoding=\"async\" class=\"alignnone size-full wp-image-1129 aligncenter\" src=\"https:\/\/www.edenlodgeparis.net\/wp-content\/uploads\/2023\/06\/perso-2.jpg\" alt=\"\" width=\"25\" height=\"14\" \/><\/p>\n<p>[\/vc_column_text][\/vc_column][\/vc_row]<\/p>\n<\/div>","protected":false},"excerpt":{"rendered":"<p>[vc_row full_width=\u00bbstretch_row_content_no_spaces\u00bb content_placement=\u00bbtop\u00bb css=\u00bb.vc_custom_1687864454849{margin-top: -60px !important;background-position: center !important;background-repeat: no-repeat !important;background-size: cover !important;}\u00bb][vc_column css=\u00bb.vc_custom_1687853836874{background-position: center !important;background-repeat: no-repeat !important;background-size: cover !important;}\u00bb][vc_video link=\u00bbhttps:\/\/youtu.be\/EflVvnRdp04&#8243;][\/vc_column][\/vc_row][vc_row][vc_column][vc_column_text] EL ECOLODGE DE LUJO PARISINO Una casa libre de carbono de alt\u00edsimo rendimiento ecol\u00f3gico. El ambiente distendido de una casa de hu\u00e9spedes. La naturaleza en el coraz\u00f3n de Par\u00eds. [\/vc_column_text][vc_empty_space height=\u00bb12px\u00bb][vc_separator el_width=\u00bb30&#8243;][vc_btn title=\u00bbVIRTUAL VISIT\u00bb color=\u00bbwarning\u00bb align=\u00bbcenter\u00bb link=\u00bburl:https%3A%2F%2Fwww.edenlodgeparis.net%2Fes%2Fvirtual-visit%2F\u00bb][vc_separator el_width=\u00bb30&#8243;][vc_empty_space height=\u00bb12px\u00bb][vc_single_image image=\u00bb1063&#8243; img_size=\u00bb122&#215;59&#8243; alignment=\u00bbcenter\u00bb onclick=\u00bbcustom_link\u00bb img_link_target=\u00bb_blank\u00bb link=\u00bbhttps:\/\/www.hi-life.fr\/\u00bb][vc_column_text css=\u00bb.vc_custom_1687887333492{margin-top: -30px !important;padding-top: -30px !important;}\u00bb] Una selecci\u00f3n de hoteles ecol\u00f3gicos en lugares excepcionales [\/vc_column_text][vc_empty_space height=\u00bb12px\u00bb][vc_single_image image=\u00bb743&#8243; img_size=\u00bb150&#215;150&#8243; alignment=\u00bbcenter\u00bb][vc_column_text] El Eden Lodge Paris obtuvo la etiqueta ecol\u00f3gica europea en 2022 [\/vc_column_text][vc_single_image image=\u00bb1352&#8243; img_size=\u00bb200&#215;231&#8243; alignment=\u00bbcenter\u00bb css=\u00bb\u00bb][vc_single_image image=\u00bb834&#8243; img_size=\u00bb154&#215;151&#8243; alignment=\u00bbcenter\u00bb onclick=\u00bbcustom_link\u00bb img_link_target=\u00bb_blank\u00bb link=\u00bbhttps:\/\/www.tripadvisor.fr\/Hotel_Review-g187147-d8873883-Reviews-Eden_Lodge_Paris-Paris_Ile_de_France.html\u00bb][vc_column_text] El Eden Lodge ha sido reconocido recientemente por Fodor&#8217;s Travel como uno de los mejores de \u00ab8 Fabulous Paris Design Hotels\u00ab [\/vc_column_text][vc_single_image image=\u00bb1110&#8243; img_size=\u00bb150&#215;150&#8243; alignment=\u00bbcenter\u00bb][vc_empty_space height=\u00bb12px\u00bb][\/vc_column][\/vc_row][vc_row gap=\u00bb35&#8243; css=\u00bb.vc_custom_1687857371489{margin-right: 60px !important;margin-left: 60px !important;}\u00bb][vc_column css_animation=\u00bbbounceInUp\u00bb width=\u00bb1\/2&#8243;][vc_single_image image=\u00bb1158&#8243; img_size=\u00bb450&#215;299&#8243; alignment=\u00bbcenter\u00bb onclick=\u00bbcustom_link\u00bb link=\u00bbhttps:\/\/www.edenlodgeparis.net\/es\/rooms\/suite-montsouris\/\u00bb][vc_column_text css=\u00bb.vc_custom_1687887453091{margin-top: -20px !important;}\u00bb] SUITE MONTSOURIS [\/vc_column_text][vc_separator el_width=\u00bb70&#8243; css=\u00bb.vc_custom_1687858026382{margin-top: -20px !important;margin-bottom: -1px !important;}\u00bb][vc_column_text css=\u00bb.vc_custom_1687887498355{margin-top: 15px !important;}\u00bb] Camas : 2 M\u00e1ximo de personas : [\/vc_column_text][\/vc_column][vc_column css_animation=\u00bbbounceInUp\u00bb width=\u00bb1\/2&#8243;][vc_single_image image=\u00bb1147&#8243; img_size=\u00bb450&#215;299&#8243; alignment=\u00bbcenter\u00bb onclick=\u00bbcustom_link\u00bb link=\u00bbhttps:\/\/www.edenlodgeparis.net\/es\/rooms\/suite-monceau\/\u00bb][vc_column_text css=\u00bb.vc_custom_1687859675388{margin-top: -20px !important;}\u00bb] SUITE MONCEAU [\/vc_column_text][vc_separator el_width=\u00bb70&#8243; css=\u00bb.vc_custom_1687858026382{margin-top: -20px !important;margin-bottom: -1px !important;}\u00bb][vc_column_text css=\u00bb.vc_custom_1687887498355{margin-top: 15px !important;}\u00bb] Camas : 2 M\u00e1ximo de personas : [\/vc_column_text][\/vc_column][\/vc_row][vc_row gap=\u00bb35&#8243; css=\u00bb.vc_custom_1687857371489{margin-right: 60px [&hellip;]<\/p>\n","protected":false},"author":1,"featured_media":0,"parent":0,"menu_order":0,"comment_status":"closed","ping_status":"closed","template":"page-fullwidth.php","meta":{"footnotes":""},"aioseo_notices":[],"_links":{"self":[{"href":"https:\/\/www.edenlodgeparis.net\/es\/wp-json\/wp\/v2\/pages\/1218"}],"collection":[{"href":"https:\/\/www.edenlodgeparis.net\/es\/wp-json\/wp\/v2\/pages"}],"about":[{"href":"https:\/\/www.edenlodgeparis.net\/es\/wp-json\/wp\/v2\/types\/page"}],"author":[{"embeddable":true,"href":"https:\/\/www.edenlodgeparis.net\/es\/wp-json\/wp\/v2\/users\/1"}],"replies":[{"embeddable":true,"href":"https:\/\/www.edenlodgeparis.net\/es\/wp-json\/wp\/v2\/comments?post=1218"}],"version-history":[{"count":17,"href":"https:\/\/www.edenlodgeparis.net\/es\/wp-json\/wp\/v2\/pages\/1218\/revisions"}],"predecessor-version":[{"id":1359,"href":"https:\/\/www.edenlodgeparis.net\/es\/wp-json\/wp\/v2\/pages\/1218\/revisions\/1359"}],"wp:attachment":[{"href":"https:\/\/www.edenlodgeparis.net\/es\/wp-json\/wp\/v2\/media?parent=1218"}],"curies":[{"name":"wp","href":"https:\/\/api.w.org\/{rel}","templated":true}]}}