{"id":483,"date":"2016-02-23T10:07:26","date_gmt":"2016-02-23T09:07:26","guid":{"rendered":"http:\/\/www.edenlodgeparis.net\/es\/ecoluxury\/"},"modified":"2020-12-01T12:07:05","modified_gmt":"2020-12-01T11:07:05","slug":"ecoluxury","status":"publish","type":"page","link":"https:\/\/www.edenlodgeparis.net\/es\/ecoluxury\/","title":{"rendered":"ECOLUXURY"},"content":{"rendered":"<h4>ECOLUXURY: EL LUJO ECOL\u00d3GICO<\/h4>\n<p><img loading=\"lazy\" decoding=\"async\" class=\"alignnone size-full wp-image-211\" src=\"https:\/\/www.edenlodgeparis.net\/wp-content\/uploads\/2016\/02\/edenlodge-paris-ecoluxury.jpg\" alt=\"edenlodge-paris-ecoluxury\" width=\"2000\" height=\"733\" srcset=\"https:\/\/www.edenlodgeparis.net\/wp-content\/uploads\/2016\/02\/edenlodge-paris-ecoluxury.jpg 2000w, https:\/\/www.edenlodgeparis.net\/wp-content\/uploads\/2016\/02\/edenlodge-paris-ecoluxury-300x110.jpg 300w, https:\/\/www.edenlodgeparis.net\/wp-content\/uploads\/2016\/02\/edenlodge-paris-ecoluxury-768x281.jpg 768w, https:\/\/www.edenlodgeparis.net\/wp-content\/uploads\/2016\/02\/edenlodge-paris-ecoluxury-1024x375.jpg 1024w\" sizes=\"(max-width: 2000px) 100vw, 2000px\" \/><\/p>\n<p>\u00daltima creaci\u00f3n del grupo de hoteler\u00eda ecol\u00f3gica Eden Lodge International, el <strong>Eden Lodge Paris<\/strong> es la estructura tur\u00edstica de Par\u00eds que ofrece el mejor rendimiento ecol\u00f3gico y medio ambiental.<\/p>\n<p>La casa, construida en 2015, incorpora los \u00faltimos avances ecol\u00f3gicos:<\/p>\n<p>&#8211; Una estructura de madera y un aislamiento reforzado, as\u00ed como iluminaci\u00f3n led, para un consumo energ\u00e9tico muy bajo,<br \/>\n&#8211; Un aire purificado (azulejos que purifican el aire, VMC doble flujo),<br \/>\n&#8211; Energ\u00edas renovables, solares y gr\u00e1nulos de madera, para una casa libre de carbono,<br \/>\n&#8211; Ba\u00f1eras bajas o duchas de tipo italiano y WC japoneses, para reducir el consumo de agua a la vez que mejora el confort,<br \/>\n&#8211; TV conectadas a pantalla led ultra HD (4K),<\/p>\n<p>Otra idea del lujo que responde a la creciente demanda de una clientela internacional preocupada por su bienestar y por los desaf\u00edos del desarrollo sostenible en el turismo.<\/p>\n<p><strong>Eden Lodge Paris<\/strong> ofrece servicios hoteleros diferentes, m\u00e1s distendidos y personalizados que en la hoteler\u00eda tradicional, y siempre asociados a un confort y un servicio de muy alta calidad.<\/p>\n<p><strong>Un par\u00e9ntesis que combina lujo ecol\u00f3gico, bienestar, relajaci\u00f3n y espacio verde en el coraz\u00f3n de la ciudad.<\/strong><\/p>\n<p><img loading=\"lazy\" decoding=\"async\" class=\"alignnone size-full wp-image-213\" src=\"https:\/\/www.edenlodgeparis.net\/wp-content\/uploads\/2016\/02\/edenlodge-paris-ecoluxury-hall.jpg\" alt=\"edenlodge-paris-ecoluxury-hall\" width=\"2000\" height=\"1134\" srcset=\"https:\/\/www.edenlodgeparis.net\/wp-content\/uploads\/2016\/02\/edenlodge-paris-ecoluxury-hall.jpg 2000w, https:\/\/www.edenlodgeparis.net\/wp-content\/uploads\/2016\/02\/edenlodge-paris-ecoluxury-hall-300x170.jpg 300w, https:\/\/www.edenlodgeparis.net\/wp-content\/uploads\/2016\/02\/edenlodge-paris-ecoluxury-hall-768x435.jpg 768w, https:\/\/www.edenlodgeparis.net\/wp-content\/uploads\/2016\/02\/edenlodge-paris-ecoluxury-hall-1024x581.jpg 1024w\" sizes=\"(max-width: 2000px) 100vw, 2000px\" \/><\/p>\n","protected":false},"excerpt":{"rendered":"<p>ECOLUXURY: EL LUJO ECOL\u00d3GICO \u00daltima creaci\u00f3n del grupo de hoteler\u00eda ecol\u00f3gica Eden Lodge International, el Eden Lodge Paris es la estructura tur\u00edstica de Par\u00eds que ofrece el mejor rendimiento ecol\u00f3gico y medio ambiental. La casa, construida en 2015, incorpora los \u00faltimos avances ecol\u00f3gicos: &#8211; Una estructura de madera y un aislamiento reforzado, as\u00ed como iluminaci\u00f3n led, para un consumo energ\u00e9tico muy bajo, &#8211; Un aire purificado (azulejos que purifican el aire, VMC doble flujo), &#8211; Energ\u00edas renovables, solares y gr\u00e1nulos de madera, para una casa libre de carbono, &#8211; Ba\u00f1eras bajas o duchas de tipo italiano y WC japoneses, para reducir el consumo de agua a la vez que mejora el confort, &#8211; TV conectadas a pantalla led ultra HD (4K), Otra idea del lujo que responde a la creciente demanda de una clientela internacional preocupada por su bienestar y por los desaf\u00edos del desarrollo sostenible en el turismo. Eden Lodge Paris ofrece servicios hoteleros diferentes, m\u00e1s distendidos y personalizados que en la hoteler\u00eda tradicional, y siempre asociados a un confort y un servicio de muy alta calidad. Un par\u00e9ntesis que combina lujo ecol\u00f3gico, bienestar, relajaci\u00f3n y espacio verde en el coraz\u00f3n de la ciudad.<\/p>\n","protected":false},"author":1,"featured_media":0,"parent":0,"menu_order":10,"comment_status":"closed","ping_status":"closed","template":"","meta":{"footnotes":""},"aioseo_notices":[],"_links":{"self":[{"href":"https:\/\/www.edenlodgeparis.net\/es\/wp-json\/wp\/v2\/pages\/483"}],"collection":[{"href":"https:\/\/www.edenlodgeparis.net\/es\/wp-json\/wp\/v2\/pages"}],"about":[{"href":"https:\/\/www.edenlodgeparis.net\/es\/wp-json\/wp\/v2\/types\/page"}],"author":[{"embeddable":true,"href":"https:\/\/www.edenlodgeparis.net\/es\/wp-json\/wp\/v2\/users\/1"}],"replies":[{"embeddable":true,"href":"https:\/\/www.edenlodgeparis.net\/es\/wp-json\/wp\/v2\/comments?post=483"}],"version-history":[{"count":3,"href":"https:\/\/www.edenlodgeparis.net\/es\/wp-json\/wp\/v2\/pages\/483\/revisions"}],"predecessor-version":[{"id":885,"href":"https:\/\/www.edenlodgeparis.net\/es\/wp-json\/wp\/v2\/pages\/483\/revisions\/885"}],"wp:attachment":[{"href":"https:\/\/www.edenlodgeparis.net\/es\/wp-json\/wp\/v2\/media?parent=483"}],"curies":[{"name":"wp","href":"https:\/\/api.w.org\/{rel}","templated":true}]}}