{"id":489,"date":"2016-02-10T17:55:07","date_gmt":"2016-02-10T16:55:07","guid":{"rendered":"http:\/\/www.edenlodgeparis.net\/es\/la-maison\/"},"modified":"2020-12-15T11:06:06","modified_gmt":"2020-12-15T10:06:06","slug":"casa","status":"publish","type":"page","link":"https:\/\/www.edenlodgeparis.net\/es\/casa\/","title":{"rendered":"CASA"},"content":{"rendered":"<h5><img loading=\"lazy\" decoding=\"async\" class=\"alignnone size-full wp-image-152\" src=\"https:\/\/www.edenlodgeparis.net\/wp-content\/uploads\/2016\/02\/maison-2.jpg\" alt=\"maison-2\" width=\"2000\" height=\"909\" srcset=\"https:\/\/www.edenlodgeparis.net\/wp-content\/uploads\/2016\/02\/maison-2.jpg 2000w, https:\/\/www.edenlodgeparis.net\/wp-content\/uploads\/2016\/02\/maison-2-300x136.jpg 300w, https:\/\/www.edenlodgeparis.net\/wp-content\/uploads\/2016\/02\/maison-2-768x349.jpg 768w, https:\/\/www.edenlodgeparis.net\/wp-content\/uploads\/2016\/02\/maison-2-1024x465.jpg 1024w\" sizes=\"(max-width: 2000px) 100vw, 2000px\" \/><\/h5>\n<h5>La\u00a0casa<\/h5>\n<p><strong>Fr\u00e9d\u00e9rique Glainereau<\/strong>, decoradora oficial de los Hoteles del grupo Eden Lodge International, firma de nuevo la decoraci\u00f3n de esta casa de hu\u00e9spedes ecol\u00f3gica en pleno Par\u00eds.<\/p>\n<p>A la vanguardia del dise\u00f1o ecol\u00f3gico, (primeras colecciones <strong>Hi-life<\/strong> ya en 1993), compartir\u00e1 si lo desea sus convicciones, sus gustos creativos y sus direcciones m\u00e1s interesantes.<\/p>\n<style id=\"bwg-style-0\">    #bwg_container1_0 #bwg_container2_0 .bwg-container-0.bwg-standard-thumbnails {      width: 754px;              justify-content: center;        margin:0 auto !important;              background-color: rgba(255, 255, 255, 0.00);            padding-left: 4px;      padding-top: 4px;      max-width: 100%;            }        #bwg_container1_0 #bwg_container2_0 .bwg-container-0.bwg-standard-thumbnails .bwg-item {    justify-content: flex-start;      max-width: 250px;            width: 250px !important;          }    #bwg_container1_0 #bwg_container2_0 .bwg-container-0.bwg-standard-thumbnails .bwg-item a {       margin-right: 4px;       margin-bottom: 4px;    }    #bwg_container1_0 #bwg_container2_0 .bwg-container-0.bwg-standard-thumbnails .bwg-item0 {      padding: 0px;            background-color:rgba(255,255,255, 0.30);      border: 0px none #CCCCCC;      opacity: 1.00;      border-radius: 0;      box-shadow: 0px 0px 0px #888888;    }    #bwg_container1_0 #bwg_container2_0 .bwg-container-0.bwg-standard-thumbnails .bwg-item1 img {      max-height: none;      max-width: none;      padding: 0 !important;    }        @media only screen and (min-width: 480px) {      #bwg_container1_0 #bwg_container2_0 .bwg-container-0.bwg-standard-thumbnails .bwg-item0 {        transition: all 0.3s ease 0s;-webkit-transition: all 0.3s ease 0s;      }      #bwg_container1_0 #bwg_container2_0 .bwg-container-0.bwg-standard-thumbnails .bwg-item0:hover {        -ms-transform: scale(1.1);        -webkit-transform: scale(1.1);        transform: scale(1.1);      }    }          #bwg_container1_0 #bwg_container2_0 .bwg-container-0.bwg-standard-thumbnails .bwg-item1 {      padding-top: 66.8%;    }        #bwg_container1_0 #bwg_container2_0 .bwg-container-0.bwg-standard-thumbnails .bwg-title2,    #bwg_container1_0 #bwg_container2_0 .bwg-container-0.bwg-standard-thumbnails .bwg-ecommerce2 {      color: #CCCCCC;      font-family: segoe ui;      font-size: 16px;      font-weight: bold;      padding: 2px;      text-shadow: 0px 0px 0px #888888;      max-height: 100%;    }    #bwg_container1_0 #bwg_container2_0 .bwg-container-0.bwg-standard-thumbnails .bwg-thumb-description span {    color: #323A45;    font-family: Ubuntu;    font-size: 12px;    max-height: 100%;    word-wrap: break-word;    }    #bwg_container1_0 #bwg_container2_0 .bwg-container-0.bwg-standard-thumbnails .bwg-play-icon2 {      font-size: 32px;    }    #bwg_container1_0 #bwg_container2_0 .bwg-container-0.bwg-standard-thumbnails .bwg-ecommerce2 {      font-size: 19.2px;      color: #CCCCCC;    }    <\/style>    <div id=\"bwg_container1_0\"         class=\"bwg_container bwg_thumbnail bwg_thumbnails \"         data-right-click-protection=\"0\"         data-bwg=\"0\"         data-scroll=\"0\"         data-gallery-type=\"thumbnails\"         data-gallery-view-type=\"thumbnails\"         data-current-url=\"\/es\/wp-json\/wp\/v2\/pages\/489\"         data-lightbox-url=\"https:\/\/www.edenlodgeparis.net\/wp-admin\/admin-ajax.php?action=GalleryBox&#038;current_view=0&#038;gallery_id=6&#038;tag=0&#038;theme_id=1&#038;shortcode_id=7&#038;sort_by=order&#038;order_by=asc&#038;current_url=%2Fes%2Fwp-json%2Fwp%2Fv2%2Fpages%2F489\"         data-gallery-id=\"6\"         data-popup-width=\"2000\"         data-popup-height=\"1333\"         data-is-album=\"gallery\"         data-buttons-position=\"bottom\">      <div id=\"bwg_container2_0\">             <div id=\"ajax_loading_0\" class=\"bwg_loading_div_1\">      <div class=\"bwg_loading_div_2\">        <div class=\"bwg_loading_div_3\">          <div id=\"loading_div_0\" class=\"bwg_spider_ajax_loading\">          <\/div>        <\/div>      <\/div>    <\/div>            <form id=\"gal_front_form_0\"              class=\"bwg-hidden\"              method=\"post\"              action=\"#\"              data-current=\"0\"              data-shortcode-id=\"7\"              data-gallery-type=\"thumbnails\"              data-gallery-id=\"6\"              data-tag=\"0\"              data-album-id=\"0\"              data-theme-id=\"1\"              data-ajax-url=\"https:\/\/www.edenlodgeparis.net\/wp-admin\/admin-ajax.php?action=bwg_frontend_data\">          <div id=\"bwg_container3_0\" class=\"bwg-background bwg-background-0\">                <div data-max-count=\"3\"         data-thumbnail-width=\"250\"         data-bwg=\"0\"         data-gallery-id=\"6\"         data-lightbox-url=\"https:\/\/www.edenlodgeparis.net\/wp-admin\/admin-ajax.php?action=GalleryBox&amp;current_view=0&amp;gallery_id=6&amp;tag=0&amp;theme_id=1&amp;shortcode_id=7&amp;sort_by=order&amp;order_by=asc&amp;current_url=%2Fes%2Fwp-json%2Fwp%2Fv2%2Fpages%2F489\"         id=\"bwg_thumbnails_0\"         class=\"bwg-container-0 bwg-thumbnails bwg-standard-thumbnails bwg-container bwg-border-box\">            <div class=\"bwg-item\">        <a class=\"bwg-a  bwg_lightbox\"  data-image-id=\"20\" href=\"https:\/\/www.edenlodgeparis.net\/wp-content\/uploads\/photo-gallery\/maison-3.jpg\" data-elementor-open-lightbox=\"no\">                <div class=\"bwg-item0 \">          <div class=\"bwg-item1 \">            <div class=\"bwg-item2\">              <img decoding=\"async\" class=\"skip-lazy bwg_standart_thumb_img_0 \"                   data-id=\"20\"                   data-width=\"\"                   data-height=\"\"                   data-src=\"https:\/\/www.edenlodgeparis.net\/wp-content\/uploads\/photo-gallery\/thumb\/maison-3.jpg\"                   src=\"https:\/\/www.edenlodgeparis.net\/wp-content\/uploads\/photo-gallery\/thumb\/maison-3.jpg\"                   alt=\"maison-3\"                   title=\"maison-3\" \/>            <\/div>            <div class=\"\">                                                      <\/div>          <\/div>        <\/div>                        <\/a>              <\/div>            <div class=\"bwg-item\">        <a class=\"bwg-a  bwg_lightbox\"  data-image-id=\"19\" href=\"https:\/\/www.edenlodgeparis.net\/wp-content\/uploads\/photo-gallery\/maison-4.jpg\" data-elementor-open-lightbox=\"no\">                <div class=\"bwg-item0 \">          <div class=\"bwg-item1 \">            <div class=\"bwg-item2\">              <img decoding=\"async\" class=\"skip-lazy bwg_standart_thumb_img_0 \"                   data-id=\"19\"                   data-width=\"\"                   data-height=\"\"                   data-src=\"https:\/\/www.edenlodgeparis.net\/wp-content\/uploads\/photo-gallery\/thumb\/maison-4.jpg\"                   src=\"https:\/\/www.edenlodgeparis.net\/wp-content\/uploads\/photo-gallery\/thumb\/maison-4.jpg\"                   alt=\"maison-4\"                   title=\"maison-4\" \/>            <\/div>            <div class=\"\">                                                      <\/div>          <\/div>        <\/div>                        <\/a>              <\/div>            <div class=\"bwg-item\">        <a class=\"bwg-a  bwg_lightbox\"  data-image-id=\"18\" href=\"https:\/\/www.edenlodgeparis.net\/wp-content\/uploads\/photo-gallery\/maison-5.jpg\" data-elementor-open-lightbox=\"no\">                <div class=\"bwg-item0 \">          <div class=\"bwg-item1 \">            <div class=\"bwg-item2\">              <img decoding=\"async\" class=\"skip-lazy bwg_standart_thumb_img_0 \"                   data-id=\"18\"                   data-width=\"\"                   data-height=\"\"                   data-src=\"https:\/\/www.edenlodgeparis.net\/wp-content\/uploads\/photo-gallery\/thumb\/maison-5.jpg\"                   src=\"https:\/\/www.edenlodgeparis.net\/wp-content\/uploads\/photo-gallery\/thumb\/maison-5.jpg\"                   alt=\"maison-5\"                   title=\"maison-5\" \/>            <\/div>            <div class=\"\">                                                      <\/div>          <\/div>        <\/div>                        <\/a>              <\/div>          <\/div>    <style>      \/*pagination styles*\/      #bwg_container1_0 #bwg_container2_0 .tablenav-pages_0 {\t\t\t\ttext-align: center;\t\t\t\tfont-size: 12px;\t\t\t\tfont-family: segoe ui;\t\t\t\tfont-weight: bold;\t\t\t\tcolor: #666666;\t\t\t\tmargin: 6px 0 4px;\t\t\t\tdisplay: block;      }      @media only screen and (max-width : 320px) {      #bwg_container1_0 #bwg_container2_0 .displaying-num_0 {     \t display: none;      }      }      #bwg_container1_0 #bwg_container2_0 .displaying-num_0 {\t\t\t\tfont-size: 12px;\t\t\t\tfont-family: segoe ui;\t\t\t\tfont-weight: bold;\t\t\t\tcolor: #666666;\t\t\t\tmargin-right: 10px;\t\t\t\tvertical-align: middle;      }      #bwg_container1_0 #bwg_container2_0 .paging-input_0 {\t\t\t\tfont-size: 12px;\t\t\t\tfont-family: segoe ui;\t\t\t\tfont-weight: bold;\t\t\t\tcolor: #666666;\t\t\t\tvertical-align: middle;      }      #bwg_container1_0 #bwg_container2_0 .tablenav-pages_0 a.disabled,      #bwg_container1_0 #bwg_container2_0 .tablenav-pages_0 a.disabled:hover,      #bwg_container1_0 #bwg_container2_0 .tablenav-pages_0 a.disabled:focus,\t\t\t#bwg_container1_0 #bwg_container2_0 .tablenav-pages_0 input.bwg_current_page {\t\t\t\tcursor: default;\t\t\t\tcolor: rgba(102, 102, 102, 0.5);      }      #bwg_container1_0 #bwg_container2_0 .tablenav-pages_0 a,      #bwg_container1_0 #bwg_container2_0 .tablenav-pages_0 input.bwg_current_page {\t\t\t\tcursor: pointer;\t\t\t\ttext-align: center;\t\t\t\tfont-size: 12px;\t\t\t\tfont-family: segoe ui;\t\t\t\tfont-weight: bold;\t\t\t\tcolor: #666666;\t\t\t\ttext-decoration: none;\t\t\t\tpadding: 3px 6px;\t\t\t\tmargin: 0;\t\t\t\tborder-radius: 0;\t\t\t\tborder-style: solid;\t\t\t\tborder-width: 1px;\t\t\t\tborder-color: #E3E3E3;\t\t\t\t\t\t\t\tbackground-color: rgba(255, 255, 255, 1.00);\t\t\t\tbox-shadow: 0;\t\t\t\ttransition: all 0.3s ease 0s;-webkit-transition: all 0.3s ease 0s;      }      <\/style>      <span class=\"bwg_nav_cont_0\">              <div class=\"tablenav-pages_0\">                  <\/div>                <input type=\"hidden\" id=\"page_number_0\" name=\"page_number_0\" value=\"1\" \/>      <script type=\"text\/javascript\">        if( jQuery('.bwg_nav_cont_0').length > 1 ) {          jQuery('.bwg_nav_cont_0').first().remove()        }        function spider_page_0(cur, x, y, load_more) {          if (typeof load_more == \"undefined\") {            var load_more = false;          }          if (jQuery(cur).hasClass('disabled')) {            return false;          }          var items_county_0 = 1;          switch (y) {            case 1:              if (x >= items_county_0) {                document.getElementById('page_number_0').value = items_county_0;              }              else {                document.getElementById('page_number_0').value = x + 1;              }              break;            case 2:              document.getElementById('page_number_0').value = items_county_0;              break;            case -1:              if (x == 1) {                document.getElementById('page_number_0').value = 1;              }              else {                document.getElementById('page_number_0').value = x - 1;              }              break;            case -2:              document.getElementById('page_number_0').value = 1;              break;\t\t\t\t\t\tcase 0:              document.getElementById('page_number_0').value = x;              break;            default:              document.getElementById('page_number_0').value = 1;          }          bwg_ajax('gal_front_form_0', '0', 'bwg_thumbnails_0', '0', '', 'gallery', 0, '', '', load_more, '', 1);        }                    jQuery('.first-page-0').on('click', function () {              spider_page_0(this, 1, -2, 'numeric');              return false;            });            jQuery('.prev-page-0').on('click', function () {              spider_page_0(this, 1, -1, 'numeric');              return false;            });            jQuery('.next-page-0').on('click', function () {              spider_page_0(this, 1, 1, 'numeric');              return false;            });            jQuery('.last-page-0').on('click', function () {              spider_page_0(this, 1, 2, 'numeric');              return false;            });        \t\t\t\t\/* Change page on input enter. *\/        function bwg_change_page_0( e, that ) {          if (  e.key == 'Enter' ) {            var to_page = parseInt(jQuery(that).val());            var pages_count = jQuery(that).parents(\".pagination-links\").data(\"pages-count\");            var current_url_param = jQuery(that).attr('data-url-info');            if (to_page > pages_count) {              to_page = 1;            }\t \t\t\t\t\t\t\t\t\t\t\t\tspider_page_0(this, to_page, 0, 'numeric');\t\t\t\t\t\t\treturn false;\t\t\t\t\t\t          }          return true;        }        jQuery('.bwg_load_btn_0').on('click', function () {            spider_page_0(this, 1, 1, true);            return false;        });      <\/script>      <\/span>                <\/div>        <\/form>        <style>          #bwg_container1_0 #bwg_container2_0 #spider_popup_overlay_0 {          background-color: #000000;          opacity: 0.70;          }          <\/style>        <div id=\"bwg_spider_popup_loading_0\" class=\"bwg_spider_popup_loading\"><\/div>        <div id=\"spider_popup_overlay_0\" class=\"spider_popup_overlay\" onclick=\"spider_destroypopup(1000)\"><\/div>        <input type=\"hidden\" id=\"bwg_random_seed_0\" value=\"1278277028\">                <\/div>    <\/div>    <script>      if (document.readyState === 'complete') {        if( typeof bwg_main_ready == 'function' ) {          if ( jQuery(\"#bwg_container1_0\").height() ) {            bwg_main_ready(jQuery(\"#bwg_container1_0\"));          }        }      } else {        document.addEventListener('DOMContentLoaded', function() {          if( typeof bwg_main_ready == 'function' ) {            if ( jQuery(\"#bwg_container1_0\").height() ) {             bwg_main_ready(jQuery(\"#bwg_container1_0\"));            }          }        });      }    <\/script>    \n<p>En el <strong>Eden Lodge Paris<\/strong>, se ha implicado personalmente en la creaci\u00f3n del proyecto, desde el dise\u00f1o hasta la decoraci\u00f3n, durante los tres a\u00f1os de construcci\u00f3n de esta casa \u00fanica en Par\u00eds.<\/p>\n<p>La primera idea era recrear el esp\u00edritu de una casa de vacaciones, abierta a los jardines, donde la cocina ser\u00eda el lugar de encuentro y cada habitaci\u00f3n mantendr\u00eda su particular universo y la intimidad de cada hu\u00e9sped.<\/p>\n<p>Aqu\u00ed, el lujo est\u00e1 lejos de los senderos trillados.<br \/>\nEn esta casa, es sereno, tranquilo, elegante y distendido.<\/p>\n<p>El lujo es en primer lugar el espacio de sus habitaciones, tan excepcional en Par\u00eds.<br \/>\nTambi\u00e9n sus terrazas que dan al jard\u00edn, sus cuartos de ba\u00f1o donde uno quiere tomarse su tiempo, o las camas ultra c\u00f3modas donde se puede holgazanear.<br \/>\nLos salones en la galer\u00eda acristalada donde se puede leer, jugar y hablar, rodeado de jardines como en un recorrido por una v\u00eda verde\u2026<\/p>\n<p>La decoraci\u00f3n de inspiraci\u00f3n diferente para cada habitaci\u00f3n, es una fusi\u00f3n de deseos. Con el paso del tiempo, otros deseos y otros descubrimientos transformar\u00e1n lentamente las habitaciones, nada es fijo en el <strong>Eden Lodge Paris<\/strong>.<\/p>\n<p>Hoy, hay una suite de inspiraci\u00f3n africana, una de inspiraci\u00f3n danesa, cosas de viajes\u2026<br \/>\nUna habitaci\u00f3n \u201cboudoir\u201d muy parisina, dos habitaciones que se sit\u00faan entre los a\u00f1os 1960 y los 1970, con una mezcla muy personal\u2026<\/p>\n<p>Antiguos muebles de \u00e9poca colocados de forma natural en cada habitaci\u00f3n.<\/p>\n<p>Y en los cuartos de ba\u00f1o un trozo de Madagascar en las cortinas de las duchas que suenan como palos de lluvia, otros sue\u00f1o<\/p>\n<p><span style=\"line-height: 1.5;\">&#8230;<\/span><\/p>\n<h5><\/h5>\n","protected":false},"excerpt":{"rendered":"<p>La\u00a0casa Fr\u00e9d\u00e9rique Glainereau, decoradora oficial de los Hoteles del grupo Eden Lodge International, firma de nuevo la decoraci\u00f3n de esta casa de hu\u00e9spedes ecol\u00f3gica en pleno Par\u00eds. A la vanguardia del dise\u00f1o ecol\u00f3gico, (primeras colecciones Hi-life ya en 1993), compartir\u00e1 si lo desea sus convicciones, sus gustos creativos y sus direcciones m\u00e1s interesantes. En el Eden Lodge Paris, se ha implicado personalmente en la creaci\u00f3n del proyecto, desde el dise\u00f1o hasta la decoraci\u00f3n, durante los tres a\u00f1os de construcci\u00f3n de esta casa \u00fanica en Par\u00eds. La primera idea era recrear el esp\u00edritu de una casa de vacaciones, abierta a los jardines, donde la cocina ser\u00eda el lugar de encuentro y cada habitaci\u00f3n mantendr\u00eda su particular universo y la intimidad de cada hu\u00e9sped. Aqu\u00ed, el lujo est\u00e1 lejos de los senderos trillados. En esta casa, es sereno, tranquilo, elegante y distendido. El lujo es en primer lugar el espacio de sus habitaciones, tan excepcional en Par\u00eds. Tambi\u00e9n sus terrazas que dan al jard\u00edn, sus cuartos de ba\u00f1o donde uno quiere tomarse su tiempo, o las camas ultra c\u00f3modas donde se puede holgazanear. Los salones en la galer\u00eda acristalada donde se puede leer, jugar y hablar, rodeado de jardines como en un [&hellip;]<\/p>\n","protected":false},"author":1,"featured_media":0,"parent":0,"menu_order":30,"comment_status":"closed","ping_status":"closed","template":"","meta":{"footnotes":""},"aioseo_notices":[],"_links":{"self":[{"href":"https:\/\/www.edenlodgeparis.net\/es\/wp-json\/wp\/v2\/pages\/489"}],"collection":[{"href":"https:\/\/www.edenlodgeparis.net\/es\/wp-json\/wp\/v2\/pages"}],"about":[{"href":"https:\/\/www.edenlodgeparis.net\/es\/wp-json\/wp\/v2\/types\/page"}],"author":[{"embeddable":true,"href":"https:\/\/www.edenlodgeparis.net\/es\/wp-json\/wp\/v2\/users\/1"}],"replies":[{"embeddable":true,"href":"https:\/\/www.edenlodgeparis.net\/es\/wp-json\/wp\/v2\/comments?post=489"}],"version-history":[{"count":4,"href":"https:\/\/www.edenlodgeparis.net\/es\/wp-json\/wp\/v2\/pages\/489\/revisions"}],"predecessor-version":[{"id":983,"href":"https:\/\/www.edenlodgeparis.net\/es\/wp-json\/wp\/v2\/pages\/489\/revisions\/983"}],"wp:attachment":[{"href":"https:\/\/www.edenlodgeparis.net\/es\/wp-json\/wp\/v2\/media?parent=489"}],"curies":[{"name":"wp","href":"https:\/\/api.w.org\/{rel}","templated":true}]}}