{"id":492,"date":"2016-02-23T10:25:29","date_gmt":"2016-02-23T09:25:29","guid":{"rendered":"http:\/\/www.edenlodgeparis.net\/es\/la-casa\/le-jardin\/"},"modified":"2020-12-01T12:17:48","modified_gmt":"2020-12-01T11:17:48","slug":"el-jardin","status":"publish","type":"page","link":"https:\/\/www.edenlodgeparis.net\/es\/casa\/el-jardin\/","title":{"rendered":"EL JARD\u00cdN"},"content":{"rendered":"<h4>Un jard\u00edn ecol\u00f3gico blanco y perfumado.<\/h4>\n<p><img loading=\"lazy\" decoding=\"async\" class=\"alignnone size-full wp-image-869\" src=\"https:\/\/www.edenlodgeparis.net\/wp-content\/uploads\/2016\/02\/EDEN-jardin.jpeg\" alt=\"EDEN-jardin\" width=\"640\" height=\"427\" srcset=\"https:\/\/www.edenlodgeparis.net\/wp-content\/uploads\/2016\/02\/EDEN-jardin.jpeg 640w, https:\/\/www.edenlodgeparis.net\/wp-content\/uploads\/2016\/02\/EDEN-jardin-300x200.jpeg 300w, https:\/\/www.edenlodgeparis.net\/wp-content\/uploads\/2016\/02\/EDEN-jardin-375x249.jpeg 375w, https:\/\/www.edenlodgeparis.net\/wp-content\/uploads\/2016\/02\/EDEN-jardin-450x299.jpeg 450w\" sizes=\"(max-width: 640px) 100vw, 640px\" \/><\/p>\n<p>El jard\u00edn fue dise\u00f1ado en total coherencia con el proyecto de edificio ecol\u00f3gico.<br \/>\nEs un jard\u00edn de recreo, ecol\u00f3gico, de 500 m2 en el que se han conservado una gran parte de los \u00e1rboles existentes: roble, cedro del Atlas (figura emblem\u00e1tica del ecolodge), pino, n\u00edspero, arces de Jap\u00f3n\u2026<br \/>\nEl objetivo era mejorar el potencial de biodiversidad del sitio eligiendo plantas en base a criterios como la rusticidad, la necesidad de reducir el consumo de agua, las especies ind\u00edgenas locales, los proveedores bio y locales, manteniendo a la vez la elecci\u00f3n de un jard\u00edn blanco y perfumado.<\/p>\n<p>Bajo las grandes con\u00edferas, el camino de ladrillos atraviesa el jard\u00edn para llevarle al Ecolodge.<\/p>\n<p>Helechos, heucheras y tiarella tapizan el suelo. Clematis amandii, hydrangea y hiedras cubren las paredes del recinto. Sarcococca, jazmines, camelias, clem\u00e1tides y naranjos de M\u00e9xico perfuman los recorridos.<br \/>\nLa floraci\u00f3n blanca de las plantas a lo largo de los meses convierte el jard\u00edn en una unidad y, con su persistente follaje, preservan su lado salvaje.<\/p>\n","protected":false},"excerpt":{"rendered":"<p>Un jard\u00edn ecol\u00f3gico blanco y perfumado. El jard\u00edn fue dise\u00f1ado en total coherencia con el proyecto de edificio ecol\u00f3gico. Es un jard\u00edn de recreo, ecol\u00f3gico, de 500 m2 en el que se han conservado una gran parte de los \u00e1rboles existentes: roble, cedro del Atlas (figura emblem\u00e1tica del ecolodge), pino, n\u00edspero, arces de Jap\u00f3n\u2026 El objetivo era mejorar el potencial de biodiversidad del sitio eligiendo plantas en base a criterios como la rusticidad, la necesidad de reducir el consumo de agua, las especies ind\u00edgenas locales, los proveedores bio y locales, manteniendo a la vez la elecci\u00f3n de un jard\u00edn blanco y perfumado. Bajo las grandes con\u00edferas, el camino de ladrillos atraviesa el jard\u00edn para llevarle al Ecolodge. Helechos, heucheras y tiarella tapizan el suelo. Clematis amandii, hydrangea y hiedras cubren las paredes del recinto. Sarcococca, jazmines, camelias, clem\u00e1tides y naranjos de M\u00e9xico perfuman los recorridos. La floraci\u00f3n blanca de las plantas a lo largo de los meses convierte el jard\u00edn en una unidad y, con su persistente follaje, preservan su lado salvaje.<\/p>\n","protected":false},"author":1,"featured_media":0,"parent":489,"menu_order":0,"comment_status":"closed","ping_status":"closed","template":"","meta":{"footnotes":""},"aioseo_notices":[],"_links":{"self":[{"href":"https:\/\/www.edenlodgeparis.net\/es\/wp-json\/wp\/v2\/pages\/492"}],"collection":[{"href":"https:\/\/www.edenlodgeparis.net\/es\/wp-json\/wp\/v2\/pages"}],"about":[{"href":"https:\/\/www.edenlodgeparis.net\/es\/wp-json\/wp\/v2\/types\/page"}],"author":[{"embeddable":true,"href":"https:\/\/www.edenlodgeparis.net\/es\/wp-json\/wp\/v2\/users\/1"}],"replies":[{"embeddable":true,"href":"https:\/\/www.edenlodgeparis.net\/es\/wp-json\/wp\/v2\/comments?post=492"}],"version-history":[{"count":3,"href":"https:\/\/www.edenlodgeparis.net\/es\/wp-json\/wp\/v2\/pages\/492\/revisions"}],"predecessor-version":[{"id":905,"href":"https:\/\/www.edenlodgeparis.net\/es\/wp-json\/wp\/v2\/pages\/492\/revisions\/905"}],"up":[{"embeddable":true,"href":"https:\/\/www.edenlodgeparis.net\/es\/wp-json\/wp\/v2\/pages\/489"}],"wp:attachment":[{"href":"https:\/\/www.edenlodgeparis.net\/es\/wp-json\/wp\/v2\/media?parent=492"}],"curies":[{"name":"wp","href":"https:\/\/api.w.org\/{rel}","templated":true}]}}