{"id":512,"date":"2016-02-23T10:09:52","date_gmt":"2016-02-23T09:09:52","guid":{"rendered":"http:\/\/www.edenlodgeparis.net\/es\/activites\/"},"modified":"2020-12-01T12:27:13","modified_gmt":"2020-12-01T11:27:13","slug":"actividades","status":"publish","type":"page","link":"https:\/\/www.edenlodgeparis.net\/es\/actividades\/","title":{"rendered":"ACTIVIDADES"},"content":{"rendered":"<p>Adem\u00e1s de las grandes exposiciones y de las visitas a monumentos parisinos que seguramente ha venido a visitar y donde quiz\u00e1 ya ha reservado (\u00a1si no, no se olvide de hacerlo para evitar las interminables colas de espera!), aqu\u00ed tiene otras propuestas para callejear por Par\u00eds o los alrededores del distrito 11.<\/p>\n<p><strong>Edwige Riallot le ofrece visitas a los parques y jardines de Par\u00eds<\/strong><br \/>\nVisitante del <strong>Eden Lodge Paris<\/strong> que le gust\u00f3 mucho, se ofrece para organizar para usted visitas privadas. Vendr\u00e1 a buscarle al hotel para llevarle a visitar los parques y jardines que usted elija<span style=\"line-height: 1.5;\">.<br \/>\n<\/span> <a href=\"https:\/\/www.lefildesjardins.com\/\" target=\"_blank\">www.lefildesjardins.com<\/a><\/p>\n<p>Si quiere ir en solitario, este es el sitio web de todos los jardines del distrito 11, <strong>para dar un paseo verde por Par\u00eds<\/strong>.<br \/>\n<a href=\"https:\/\/www.evous.fr\/Parcs-et-Jardins-Paris-11e.html\" target=\"_blank\">www.evous.fr\/Parcs-et-Jardins-Paris-11e<\/a><\/p>\n<p>\u00bfUn paseo a pie por el barrio? Siga este enlace para \u00ab<strong>una encantadora parada en el distrito 20<\/strong>\u00bb y muchas otras ideas&#8230;<br \/>\n<a href=\"https:\/\/quefaire.paris.fr\/articles\/65\" target=\"_blank\">www.quefaire.paris.fr<\/a><\/p>\n<p><strong>\u00bfLe gusta buscar gangas en las brocantes?<\/strong> Este es el enlace para todas las brocantes y mercadillos de antig\u00fcedades de Par\u00eds<br \/>\n<a href=\"https:\/\/www.evous.fr\/Brocantes-et-vide-greniers-a-Paris-1147829.html\" target=\"_blank\">www.evous.fr\/Brocantes-et-vide-greniers-a-Paris<\/a><\/p>\n<p>Y como siempre, la Oficina de Turismo de Par\u00eds para encontrar gu\u00edas por barrios y por temas y preparar lo mejor posible su estancia.<br \/>\n<a href=\"https:\/\/www.parisinfo.com\/decouvrir-paris\/balades-a-paris\/paris-par-quartier\" target=\"_blank\">www.parisinfo.com<\/a><\/p>\n<p>&nbsp;<\/p>\n<p><img loading=\"lazy\" decoding=\"async\" class=\"alignnone size-full wp-image-247\" src=\"https:\/\/www.edenlodgeparis.net\/wp-content\/uploads\/2016\/02\/eden-lodge-paris-1.jpg\" alt=\"eden-lodge-paris-1\" width=\"2000\" height=\"1202\" srcset=\"https:\/\/www.edenlodgeparis.net\/wp-content\/uploads\/2016\/02\/eden-lodge-paris-1.jpg 2000w, https:\/\/www.edenlodgeparis.net\/wp-content\/uploads\/2016\/02\/eden-lodge-paris-1-300x180.jpg 300w, https:\/\/www.edenlodgeparis.net\/wp-content\/uploads\/2016\/02\/eden-lodge-paris-1-768x462.jpg 768w, https:\/\/www.edenlodgeparis.net\/wp-content\/uploads\/2016\/02\/eden-lodge-paris-1-1024x615.jpg 1024w\" sizes=\"(max-width: 2000px) 100vw, 2000px\" \/><\/p>\n","protected":false},"excerpt":{"rendered":"<p>Adem\u00e1s de las grandes exposiciones y de las visitas a monumentos parisinos que seguramente ha venido a visitar y donde quiz\u00e1 ya ha reservado (\u00a1si no, no se olvide de hacerlo para evitar las interminables colas de espera!), aqu\u00ed tiene otras propuestas para callejear por Par\u00eds o los alrededores del distrito 11. Edwige Riallot le ofrece visitas a los parques y jardines de Par\u00eds Visitante del Eden Lodge Paris que le gust\u00f3 mucho, se ofrece para organizar para usted visitas privadas. Vendr\u00e1 a buscarle al hotel para llevarle a visitar los parques y jardines que usted elija. www.lefildesjardins.com Si quiere ir en solitario, este es el sitio web de todos los jardines del distrito 11, para dar un paseo verde por Par\u00eds. www.evous.fr\/Parcs-et-Jardins-Paris-11e \u00bfUn paseo a pie por el barrio? Siga este enlace para \u00abuna encantadora parada en el distrito 20\u00bb y muchas otras ideas&#8230; www.quefaire.paris.fr \u00bfLe gusta buscar gangas en las brocantes? Este es el enlace para todas las brocantes y mercadillos de antig\u00fcedades de Par\u00eds www.evous.fr\/Brocantes-et-vide-greniers-a-Paris Y como siempre, la Oficina de Turismo de Par\u00eds para encontrar gu\u00edas por barrios y por temas y preparar lo mejor posible su estancia. www.parisinfo.com &nbsp;<\/p>\n","protected":false},"author":1,"featured_media":0,"parent":0,"menu_order":60,"comment_status":"closed","ping_status":"closed","template":"","meta":{"footnotes":""},"aioseo_notices":[],"_links":{"self":[{"href":"https:\/\/www.edenlodgeparis.net\/es\/wp-json\/wp\/v2\/pages\/512"}],"collection":[{"href":"https:\/\/www.edenlodgeparis.net\/es\/wp-json\/wp\/v2\/pages"}],"about":[{"href":"https:\/\/www.edenlodgeparis.net\/es\/wp-json\/wp\/v2\/types\/page"}],"author":[{"embeddable":true,"href":"https:\/\/www.edenlodgeparis.net\/es\/wp-json\/wp\/v2\/users\/1"}],"replies":[{"embeddable":true,"href":"https:\/\/www.edenlodgeparis.net\/es\/wp-json\/wp\/v2\/comments?post=512"}],"version-history":[{"count":3,"href":"https:\/\/www.edenlodgeparis.net\/es\/wp-json\/wp\/v2\/pages\/512\/revisions"}],"predecessor-version":[{"id":926,"href":"https:\/\/www.edenlodgeparis.net\/es\/wp-json\/wp\/v2\/pages\/512\/revisions\/926"}],"wp:attachment":[{"href":"https:\/\/www.edenlodgeparis.net\/es\/wp-json\/wp\/v2\/media?parent=512"}],"curies":[{"name":"wp","href":"https:\/\/api.w.org\/{rel}","templated":true}]}}