{"id":521,"date":"2016-02-23T10:27:04","date_gmt":"2016-02-23T09:27:04","guid":{"rendered":"http:\/\/www.edenlodgeparis.net\/es\/fotos\/partenaires\/"},"modified":"2020-12-01T12:38:42","modified_gmt":"2020-12-01T11:38:42","slug":"colaboradores","status":"publish","type":"page","link":"https:\/\/www.edenlodgeparis.net\/es\/prensa-fotos\/colaboradores\/","title":{"rendered":"Colaboradores"},"content":{"rendered":"<p><strong>Isabelle Poulain y Mathieu Julien. Arquitectura 100 %.<\/strong><br \/>\nFue su proyecto el que aceptamos, les debemos por tanto esta bonita construcci\u00f3n de madera y la cristalera que conforman el estilo del <strong>Eden Lodge Paris<\/strong>.<\/p>\n<p><strong>Gilles Antolini<\/strong>\u00a0y\u00a0<strong>R\u00e9gis Naegelen<\/strong> \u00ab \u00a0<strong>Le Jardin Agile<\/strong>\u00a0\u00bb<br \/>\nGGracias por su valiosa contribuci\u00f3n a este jard\u00edn.<br \/>\n<a href=\"https:\/\/www.lejardinagile.com\/\" target=\"_blank\">www.lejardinagile.com<\/a><\/p>\n<p>Etienne Sauvage, ingeniero en energ\u00edas renovables, ha creado el pliego de condiciones del\u00a0<strong style=\"line-height: 1.5;\">Eden Lodge Paris<br \/>\n<\/strong> <a href=\"https:\/\/www.hacse.eu\/\" target=\"_blank\">www.hacse.eu<\/a><\/p>\n<p><strong>Pierre-Yves P\u00e9r\u00e9<\/strong>, arquitecto de DPLG, asesor en arquitectura medio ambiental para el seguimiento y la armonizaci\u00f3n de la construcci\u00f3n seg\u00fan el pliego de condiciones del Hacse.<br \/>\n<a href=\"https:\/\/www.collectifderive.blogspot.fr\/\" target=\"_blank\">www.collectifderive.blogspot.fr<br \/>\n<\/a><br \/>\n<a href=\"https:\/\/www.edenlodgeparis.net\/wp-content\/uploads\/2016\/02\/office-tourisme-2016-e1456392889248.jpg\" rel=\"attachment wp-att-134\"><img loading=\"lazy\" decoding=\"async\" class=\"alignnone size-full wp-image-134\" src=\"https:\/\/www.edenlodgeparis.net\/wp-content\/uploads\/2016\/02\/office-tourisme-2016-e1456392889248.jpg\" alt=\"office-tourisme-2016\" width=\"68\" height=\"70\" \/><\/a><br \/>\nLa Oficina de turismo de Par\u00eds<br \/>\n<a href=\"https:\/\/www.parisinfo.com\/\" target=\"_blank\">www.parisinfo.com<\/a><br \/>\nMuchas gracias a <strong>Florence Piot<\/strong> por su bonito art\u00edculo de \u00ab<strong>Chambres \u00e0 part<\/strong>\u00a0\u00bb<br \/>\n<a href=\"https:\/\/www.chambresapart.fr\/\" target=\"_blank\">www.chambresapart.fr<\/a><\/p>\n<p>Gracias a <a href=\"https:\/\/www.voyageons-autrement.com\/\" target=\"_blank\">www.voyageons-autrement.com<\/a> primer portal de informaci\u00f3n sobre turismo responsable.<\/p>\n","protected":false},"excerpt":{"rendered":"<p>Isabelle Poulain y Mathieu Julien. Arquitectura 100 %. Fue su proyecto el que aceptamos, les debemos por tanto esta bonita construcci\u00f3n de madera y la cristalera que conforman el estilo del Eden Lodge Paris. Gilles Antolini\u00a0y\u00a0R\u00e9gis Naegelen \u00ab \u00a0Le Jardin Agile\u00a0\u00bb GGracias por su valiosa contribuci\u00f3n a este jard\u00edn. www.lejardinagile.com Etienne Sauvage, ingeniero en energ\u00edas renovables, ha creado el pliego de condiciones del\u00a0Eden Lodge Paris www.hacse.eu Pierre-Yves P\u00e9r\u00e9, arquitecto de DPLG, asesor en arquitectura medio ambiental para el seguimiento y la armonizaci\u00f3n de la construcci\u00f3n seg\u00fan el pliego de condiciones del Hacse. www.collectifderive.blogspot.fr La Oficina de turismo de Par\u00eds www.parisinfo.com Muchas gracias a Florence Piot por su bonito art\u00edculo de \u00abChambres \u00e0 part\u00a0\u00bb www.chambresapart.fr Gracias a www.voyageons-autrement.com primer portal de informaci\u00f3n sobre turismo responsable.<\/p>\n","protected":false},"author":1,"featured_media":0,"parent":519,"menu_order":20,"comment_status":"closed","ping_status":"closed","template":"","meta":{"footnotes":""},"aioseo_notices":[],"_links":{"self":[{"href":"https:\/\/www.edenlodgeparis.net\/es\/wp-json\/wp\/v2\/pages\/521"}],"collection":[{"href":"https:\/\/www.edenlodgeparis.net\/es\/wp-json\/wp\/v2\/pages"}],"about":[{"href":"https:\/\/www.edenlodgeparis.net\/es\/wp-json\/wp\/v2\/types\/page"}],"author":[{"embeddable":true,"href":"https:\/\/www.edenlodgeparis.net\/es\/wp-json\/wp\/v2\/users\/1"}],"replies":[{"embeddable":true,"href":"https:\/\/www.edenlodgeparis.net\/es\/wp-json\/wp\/v2\/comments?post=521"}],"version-history":[{"count":5,"href":"https:\/\/www.edenlodgeparis.net\/es\/wp-json\/wp\/v2\/pages\/521\/revisions"}],"predecessor-version":[{"id":941,"href":"https:\/\/www.edenlodgeparis.net\/es\/wp-json\/wp\/v2\/pages\/521\/revisions\/941"}],"up":[{"embeddable":true,"href":"https:\/\/www.edenlodgeparis.net\/es\/wp-json\/wp\/v2\/pages\/519"}],"wp:attachment":[{"href":"https:\/\/www.edenlodgeparis.net\/es\/wp-json\/wp\/v2\/media?parent=521"}],"curies":[{"name":"wp","href":"https:\/\/api.w.org\/{rel}","templated":true}]}}