{"id":528,"date":"2016-02-23T10:22:32","date_gmt":"2016-02-23T09:22:32","guid":{"rendered":"http:\/\/www.edenlodgeparis.net\/es\/situation\/"},"modified":"2016-10-19T07:46:30","modified_gmt":"2016-10-19T06:46:30","slug":"situacion","status":"publish","type":"page","link":"https:\/\/www.edenlodgeparis.net\/es\/recepcion\/situacion\/","title":{"rendered":"SITUACI\u00d3N"},"content":{"rendered":"<h4>El barrio<\/h4>\n<p>El <strong>Eden Lodge Paris<\/strong> se encuentra en una \u00abburbuja\u00bb verde y ecol\u00f3gica en el centro de un barrio muy vivo que descubrir\u00e1 nada m\u00e1s atravesar la puerta que da a la calle.<\/p>\n<p>Hay numerosos restaurantes dirigidos por j\u00f3venes chefs con talento y enamorados del barrio, otros ineludibles, establecidos hace mucho tiempo, que ofrecen los cl\u00e1sicos de la cocina francesa.<br \/>\n\u00a1Y muchos bares, de vinos y tem\u00e1ticos, que tiene que conocer!<\/p>\n<p>Calles para ir de compras, la del faubourg St Antoine en cuyos pasajes adyacentes, tambi\u00e9n encontramos los viejos oficios de este barrio de ebanistas, tapiceros y fabricantes de muebles.<br \/>\nUna mezcla alegre y campechana que aporta a este barrio encanto y originalidad.<\/p>\n<p>A su llegada le ofreceremos una lista con nuestra selecci\u00f3n.<\/p>\n<p><a href=\"http:\/\/www.pariszigzag.fr\/sortir-paris\/balade-paris\/eglise-medievale-charonne-20eme\" target=\"_blank\">Paris ZigZag<\/a><\/p>\n<p><iframe loading=\"lazy\" style=\"border: 0;\" src=\"https:\/\/www.google.com\/maps\/embed?pb=!1m18!1m12!1m3!1d2625.1084669915003!2d2.389564651434045!3d48.856142008717164!2m3!1f0!2f0!3f0!3m2!1i1024!2i768!4f13.1!3m3!1m2!1s0x47e66d8a8e8dc25d%3A0xb513af49daa33bd3!2s175+Rue+de+Charonne%2C+75011+Paris!5e0!3m2!1sfr!2sfr!4v1453297531795\" width=\"818\" height=\"300\" frameborder=\"0\" allowfullscreen=\"allowfullscreen\"><\/iframe><\/p>\n","protected":false},"excerpt":{"rendered":"<p>El barrio El Eden Lodge Paris se encuentra en una \u00abburbuja\u00bb verde y ecol\u00f3gica en el centro de un barrio muy vivo que descubrir\u00e1 nada m\u00e1s atravesar la puerta que da a la calle. Hay numerosos restaurantes dirigidos por j\u00f3venes chefs con talento y enamorados del barrio, otros ineludibles, establecidos hace mucho tiempo, que ofrecen los cl\u00e1sicos de la cocina francesa. \u00a1Y muchos bares, de vinos y tem\u00e1ticos, que tiene que conocer! Calles para ir de compras, la del faubourg St Antoine en cuyos pasajes adyacentes, tambi\u00e9n encontramos los viejos oficios de este barrio de ebanistas, tapiceros y fabricantes de muebles. Una mezcla alegre y campechana que aporta a este barrio encanto y originalidad. A su llegada le ofreceremos una lista con nuestra selecci\u00f3n. Paris ZigZag<\/p>\n","protected":false},"author":1,"featured_media":0,"parent":486,"menu_order":10,"comment_status":"closed","ping_status":"closed","template":"","meta":{"footnotes":""},"aioseo_notices":[],"_links":{"self":[{"href":"https:\/\/www.edenlodgeparis.net\/es\/wp-json\/wp\/v2\/pages\/528"}],"collection":[{"href":"https:\/\/www.edenlodgeparis.net\/es\/wp-json\/wp\/v2\/pages"}],"about":[{"href":"https:\/\/www.edenlodgeparis.net\/es\/wp-json\/wp\/v2\/types\/page"}],"author":[{"embeddable":true,"href":"https:\/\/www.edenlodgeparis.net\/es\/wp-json\/wp\/v2\/users\/1"}],"replies":[{"embeddable":true,"href":"https:\/\/www.edenlodgeparis.net\/es\/wp-json\/wp\/v2\/comments?post=528"}],"version-history":[{"count":3,"href":"https:\/\/www.edenlodgeparis.net\/es\/wp-json\/wp\/v2\/pages\/528\/revisions"}],"predecessor-version":[{"id":803,"href":"https:\/\/www.edenlodgeparis.net\/es\/wp-json\/wp\/v2\/pages\/528\/revisions\/803"}],"up":[{"embeddable":true,"href":"https:\/\/www.edenlodgeparis.net\/es\/wp-json\/wp\/v2\/pages\/486"}],"wp:attachment":[{"href":"https:\/\/www.edenlodgeparis.net\/es\/wp-json\/wp\/v2\/media?parent=528"}],"curies":[{"name":"wp","href":"https:\/\/api.w.org\/{rel}","templated":true}]}}