{"id":530,"date":"2016-02-23T10:23:14","date_gmt":"2016-02-23T09:23:14","guid":{"rendered":"http:\/\/www.edenlodgeparis.net\/es\/services\/"},"modified":"2020-12-01T12:14:21","modified_gmt":"2020-12-01T11:14:21","slug":"servicios","status":"publish","type":"page","link":"https:\/\/www.edenlodgeparis.net\/es\/recepcion\/servicios\/","title":{"rendered":"SERVICIOS"},"content":{"rendered":"<p><strong>Los desayunos:<\/strong><\/p>\n<p>Se sirven entre las 8:00 y las 10:00 en la larga mesa de madera de la cocina, enfrente del patio.<br \/>\nEn verano, las mesas se instalan en el patio.<\/p>\n<p><img loading=\"lazy\" decoding=\"async\" class=\"alignnone size-full wp-image-216\" src=\"https:\/\/www.edenlodgeparis.net\/wp-content\/uploads\/2016\/02\/edenlodge-paris-services.jpg\" alt=\"edenlodge-paris-services\" width=\"2000\" height=\"1166\" srcset=\"https:\/\/www.edenlodgeparis.net\/wp-content\/uploads\/2016\/02\/edenlodge-paris-services.jpg 2000w, https:\/\/www.edenlodgeparis.net\/wp-content\/uploads\/2016\/02\/edenlodge-paris-services-300x175.jpg 300w, https:\/\/www.edenlodgeparis.net\/wp-content\/uploads\/2016\/02\/edenlodge-paris-services-768x448.jpg 768w, https:\/\/www.edenlodgeparis.net\/wp-content\/uploads\/2016\/02\/edenlodge-paris-services-1024x597.jpg 1024w\" sizes=\"(max-width: 2000px) 100vw, 2000px\" \/><\/p>\n<p>Caf\u00e9 y t\u00e9 bio y de comercio justo, zumo de naranja fresco y zumo de frutas bio, mermelada artesanal, cereales y huevos frescos bio as\u00ed como gran variedad de panes y boller\u00eda.<\/p>\n<p>La cocina est\u00e1 abierta durante el d\u00eda. Un gran frigor\u00edfico y un microondas est\u00e1n a su disposici\u00f3n.<\/p>\n<p>Todas las ma\u00f1anas, pondremos gratuitamente unas c\u00e1psulas de t\u00e9 y caf\u00e9 en su habitaci\u00f3n para que las deguste durante el d\u00eda si lo desea.<\/p>\n<p>Podemos organizar una cena o un servicio de comida preparada para usted. Es necesario que nos avise con 48 horas de antelaci\u00f3n.<\/p>\n<p><strong>Las bicis:<\/strong><br \/>\nDisponemos de un local para bicis en el jard\u00edn del <strong>Eden Lodge Paris<\/strong>.<br \/>\nSi lo solicita previamente, podemos prestarle bicicletas para sus excursiones parisinas. Tambi\u00e9n hay una estaci\u00f3n Velib a su disposici\u00f3n muy cerca del <strong>Eden Lodge Paris<\/strong>.<\/p>\n<p><strong>Ni\u00f1os:<\/strong><br \/>\nCuna disponible de forma gratuita bajo petici\u00f3n. Una silla para ni\u00f1os \/ beb\u00e9s tambi\u00e9n est\u00e1 disponible en nuestra cocina.<\/p>\n<p><strong>Estacionamiento:<\/strong><br \/>\nPosibilidad de pagar estacionamiento: estacionamiento subterr\u00e1neo seguro ubicado a pocos metros de nuestro hotel.<br \/>\nReserva obligatoria, gracias por <a href=\"https:\/\/www.edenlodgeparis.net\/es\/contact\/\">contactarnos<\/a> para conocer las disponibilidades y tarifas.<\/p>\n","protected":false},"excerpt":{"rendered":"<p>Los desayunos: Se sirven entre las 8:00 y las 10:00 en la larga mesa de madera de la cocina, enfrente del patio. En verano, las mesas se instalan en el patio. Caf\u00e9 y t\u00e9 bio y de comercio justo, zumo de naranja fresco y zumo de frutas bio, mermelada artesanal, cereales y huevos frescos bio as\u00ed como gran variedad de panes y boller\u00eda. La cocina est\u00e1 abierta durante el d\u00eda. Un gran frigor\u00edfico y un microondas est\u00e1n a su disposici\u00f3n. Todas las ma\u00f1anas, pondremos gratuitamente unas c\u00e1psulas de t\u00e9 y caf\u00e9 en su habitaci\u00f3n para que las deguste durante el d\u00eda si lo desea. Podemos organizar una cena o un servicio de comida preparada para usted. Es necesario que nos avise con 48 horas de antelaci\u00f3n. Las bicis: Disponemos de un local para bicis en el jard\u00edn del Eden Lodge Paris. Si lo solicita previamente, podemos prestarle bicicletas para sus excursiones parisinas. Tambi\u00e9n hay una estaci\u00f3n Velib a su disposici\u00f3n muy cerca del Eden Lodge Paris. Ni\u00f1os: Cuna disponible de forma gratuita bajo petici\u00f3n. Una silla para ni\u00f1os \/ beb\u00e9s tambi\u00e9n est\u00e1 disponible en nuestra cocina. Estacionamiento: Posibilidad de pagar estacionamiento: estacionamiento subterr\u00e1neo seguro ubicado a pocos metros de nuestro [&hellip;]<\/p>\n","protected":false},"author":1,"featured_media":0,"parent":486,"menu_order":20,"comment_status":"closed","ping_status":"closed","template":"","meta":{"footnotes":""},"aioseo_notices":[],"_links":{"self":[{"href":"https:\/\/www.edenlodgeparis.net\/es\/wp-json\/wp\/v2\/pages\/530"}],"collection":[{"href":"https:\/\/www.edenlodgeparis.net\/es\/wp-json\/wp\/v2\/pages"}],"about":[{"href":"https:\/\/www.edenlodgeparis.net\/es\/wp-json\/wp\/v2\/types\/page"}],"author":[{"embeddable":true,"href":"https:\/\/www.edenlodgeparis.net\/es\/wp-json\/wp\/v2\/users\/1"}],"replies":[{"embeddable":true,"href":"https:\/\/www.edenlodgeparis.net\/es\/wp-json\/wp\/v2\/comments?post=530"}],"version-history":[{"count":4,"href":"https:\/\/www.edenlodgeparis.net\/es\/wp-json\/wp\/v2\/pages\/530\/revisions"}],"predecessor-version":[{"id":895,"href":"https:\/\/www.edenlodgeparis.net\/es\/wp-json\/wp\/v2\/pages\/530\/revisions\/895"}],"up":[{"embeddable":true,"href":"https:\/\/www.edenlodgeparis.net\/es\/wp-json\/wp\/v2\/pages\/486"}],"wp:attachment":[{"href":"https:\/\/www.edenlodgeparis.net\/es\/wp-json\/wp\/v2\/media?parent=530"}],"curies":[{"name":"wp","href":"https:\/\/api.w.org\/{rel}","templated":true}]}}