{"id":367,"date":"2016-02-23T10:07:26","date_gmt":"2016-02-23T09:07:26","guid":{"rendered":"http:\/\/www.edenlodgeparis.net\/it\/ecoluxury\/"},"modified":"2020-12-01T12:06:44","modified_gmt":"2020-12-01T11:06:44","slug":"ecoluxury","status":"publish","type":"page","link":"https:\/\/www.edenlodgeparis.net\/it\/ecoluxury\/","title":{"rendered":"ECOLUXURY"},"content":{"rendered":"<h4>Ecolusso :\u00a0il lusso ecologico<\/h4>\n<p><img loading=\"lazy\" decoding=\"async\" class=\"alignnone size-full wp-image-211\" src=\"https:\/\/www.edenlodgeparis.net\/wp-content\/uploads\/2016\/02\/edenlodge-paris-ecoluxury.jpg\" alt=\"edenlodge-paris-ecoluxury\" width=\"2000\" height=\"733\" srcset=\"https:\/\/www.edenlodgeparis.net\/wp-content\/uploads\/2016\/02\/edenlodge-paris-ecoluxury.jpg 2000w, https:\/\/www.edenlodgeparis.net\/wp-content\/uploads\/2016\/02\/edenlodge-paris-ecoluxury-300x110.jpg 300w, https:\/\/www.edenlodgeparis.net\/wp-content\/uploads\/2016\/02\/edenlodge-paris-ecoluxury-768x281.jpg 768w, https:\/\/www.edenlodgeparis.net\/wp-content\/uploads\/2016\/02\/edenlodge-paris-ecoluxury-1024x375.jpg 1024w\" sizes=\"(max-width: 2000px) 100vw, 2000px\" \/><\/p>\n<p><strong>Eden Lodge Parigi<\/strong> \u00e8 la pi\u00f9 recente creazione del gruppo dedicato alle residenze ecologiche Eden Lodge International, ed \u00e8 la struttura turistica che al momento offre nella capitale francese le migliori prestazioni ecologiche ed ambientali.<\/p>\n<p>La casa, costruita nel 2015, \u00e8 dotata delle ultime innovazioni nel campo dell\u2019ecologia:<\/p>\n<p>&#8211; Struttura in legno e isolamento potenziato, ma anche illuminazioni led, per un bassissimo consumo di energia,<br \/>\n&#8211; Aria purificata (piastrelle che purificano l\u2019aria, VMC a doppio flusso),<br \/>\n&#8211; Energie rinnovabili, solari e pellet di legno, per una casa a zero emissioni di carbonio,<br \/>\n&#8211; Vasche da bagno basse o cabine docce e WC giapponesi, per ridurre il consumo d\u2019acqua e aumentare il comfort,<br \/>\n&#8211; TV connesse a schermo led ultra HD (4K),&#8230;<\/p>\n<p>&#8230;Un\u2019idea diversa del lusso, che risponde alla crescente domanda di una clientela internazionale attenta al proprio benessere e all\u2019esigenza di uno sviluppo sostenibile anche nel turismo.<\/p>\n<p><strong>Eden Lodge Parigi<\/strong> propone prestazioni alberghiere differenti, pi\u00f9 conviviali e personalizzate rispetto agli hotel tradizionali, il tutto unito ad un comfort e a servizi di altissimo livello.<\/p>\n<p><strong>Una parentesi che unisce lusso ecologico, benessere, relax e spazi verdi nel centro della metropoli.<\/strong><\/p>\n<p><img loading=\"lazy\" decoding=\"async\" class=\"alignnone size-full wp-image-213\" src=\"https:\/\/www.edenlodgeparis.net\/wp-content\/uploads\/2016\/02\/edenlodge-paris-ecoluxury-hall.jpg\" alt=\"edenlodge-paris-ecoluxury-hall\" width=\"2000\" height=\"1134\" srcset=\"https:\/\/www.edenlodgeparis.net\/wp-content\/uploads\/2016\/02\/edenlodge-paris-ecoluxury-hall.jpg 2000w, https:\/\/www.edenlodgeparis.net\/wp-content\/uploads\/2016\/02\/edenlodge-paris-ecoluxury-hall-300x170.jpg 300w, https:\/\/www.edenlodgeparis.net\/wp-content\/uploads\/2016\/02\/edenlodge-paris-ecoluxury-hall-768x435.jpg 768w, https:\/\/www.edenlodgeparis.net\/wp-content\/uploads\/2016\/02\/edenlodge-paris-ecoluxury-hall-1024x581.jpg 1024w\" sizes=\"(max-width: 2000px) 100vw, 2000px\" \/><\/p>\n","protected":false},"excerpt":{"rendered":"<p>Ecolusso :\u00a0il lusso ecologico Eden Lodge Parigi \u00e8 la pi\u00f9 recente creazione del gruppo dedicato alle residenze ecologiche Eden Lodge International, ed \u00e8 la struttura turistica che al momento offre nella capitale francese le migliori prestazioni ecologiche ed ambientali. La casa, costruita nel 2015, \u00e8 dotata delle ultime innovazioni nel campo dell\u2019ecologia: &#8211; Struttura in legno e isolamento potenziato, ma anche illuminazioni led, per un bassissimo consumo di energia, &#8211; Aria purificata (piastrelle che purificano l\u2019aria, VMC a doppio flusso), &#8211; Energie rinnovabili, solari e pellet di legno, per una casa a zero emissioni di carbonio, &#8211; Vasche da bagno basse o cabine docce e WC giapponesi, per ridurre il consumo d\u2019acqua e aumentare il comfort, &#8211; TV connesse a schermo led ultra HD (4K),&#8230; &#8230;Un\u2019idea diversa del lusso, che risponde alla crescente domanda di una clientela internazionale attenta al proprio benessere e all\u2019esigenza di uno sviluppo sostenibile anche nel turismo. Eden Lodge Parigi propone prestazioni alberghiere differenti, pi\u00f9 conviviali e personalizzate rispetto agli hotel tradizionali, il tutto unito ad un comfort e a servizi di altissimo livello. Una parentesi che unisce lusso ecologico, benessere, relax e spazi verdi nel centro della metropoli.<\/p>\n","protected":false},"author":1,"featured_media":0,"parent":0,"menu_order":10,"comment_status":"closed","ping_status":"closed","template":"","meta":{"footnotes":""},"aioseo_notices":[],"_links":{"self":[{"href":"https:\/\/www.edenlodgeparis.net\/it\/wp-json\/wp\/v2\/pages\/367"}],"collection":[{"href":"https:\/\/www.edenlodgeparis.net\/it\/wp-json\/wp\/v2\/pages"}],"about":[{"href":"https:\/\/www.edenlodgeparis.net\/it\/wp-json\/wp\/v2\/types\/page"}],"author":[{"embeddable":true,"href":"https:\/\/www.edenlodgeparis.net\/it\/wp-json\/wp\/v2\/users\/1"}],"replies":[{"embeddable":true,"href":"https:\/\/www.edenlodgeparis.net\/it\/wp-json\/wp\/v2\/comments?post=367"}],"version-history":[{"count":6,"href":"https:\/\/www.edenlodgeparis.net\/it\/wp-json\/wp\/v2\/pages\/367\/revisions"}],"predecessor-version":[{"id":884,"href":"https:\/\/www.edenlodgeparis.net\/it\/wp-json\/wp\/v2\/pages\/367\/revisions\/884"}],"wp:attachment":[{"href":"https:\/\/www.edenlodgeparis.net\/it\/wp-json\/wp\/v2\/media?parent=367"}],"curies":[{"name":"wp","href":"https:\/\/api.w.org\/{rel}","templated":true}]}}