{"id":370,"date":"2016-02-10T15:20:01","date_gmt":"2016-02-10T14:20:01","guid":{"rendered":"http:\/\/www.edenlodgeparis.net\/it\/laccueil\/"},"modified":"2020-12-15T10:58:48","modified_gmt":"2020-12-15T09:58:48","slug":"accoglienza","status":"publish","type":"page","link":"https:\/\/www.edenlodgeparis.net\/it\/accoglienza\/","title":{"rendered":"ACCOGLIENZA"},"content":{"rendered":"<p><img loading=\"lazy\" decoding=\"async\" class=\"alignnone size-full wp-image-124\" src=\"https:\/\/www.edenlodgeparis.net\/wp-content\/uploads\/2016\/02\/accueil.jpg\" alt=\"accueil\" width=\"2000\" height=\"908\" srcset=\"https:\/\/www.edenlodgeparis.net\/wp-content\/uploads\/2016\/02\/accueil.jpg 2000w, https:\/\/www.edenlodgeparis.net\/wp-content\/uploads\/2016\/02\/accueil-300x136.jpg 300w, https:\/\/www.edenlodgeparis.net\/wp-content\/uploads\/2016\/02\/accueil-768x349.jpg 768w, https:\/\/www.edenlodgeparis.net\/wp-content\/uploads\/2016\/02\/accueil-1024x465.jpg 1024w\" sizes=\"(max-width: 2000px) 100vw, 2000px\" \/><\/p>\n<p><strong>Maty<\/strong> vi accoglie all\u2019arrivo e sar\u00e0 la vostra padrona di casa per tutta la durata del soggiorno.<br \/>\nVi servir\u00e0 la colazione bio e sar\u00e0 disponibile sia al mattino che la sera per qualsiasi domanda sull\u2019organizzazione della vostra giornata.<\/p>\n<p><strong>Check-in\/ Check-out<\/strong><br \/>\nIl check-in si effettua dalle 16 alle 20, mentre il check-out avviene entro le 11 del giorno di partenza (su richiesta sono possibili aggiustamenti di orario e deposito bagagli). Per eventuali partenze posticipate, \u00e8 necessario accordarsi al momento della prenotazione.<\/p>\n<p><strong>Allenamenti e massaggi<\/strong><br \/>\nMassaggio thailandese e allenamento personale a disposizione su prenotazione<\/p>\n<p><strong>Informazioni pratiche<\/strong><br \/>\n<strong>Eden Lodge Parigi<\/strong> si trova al n. 175 di rue de Charonne nell\u201911\u00b0 arrondissement.<br \/>\nLa metropolitana pi\u00f9 vicina \u00e8 Alexandre Dumas lungo la linea 2 (Nation-Porte Dauphine), ad appena 2 minuti a piedi.<br \/>\nLa fermata dell\u2019autobus 76 che si trova al n. 165 di rue de Charonne vi condurr\u00e0 alla Bastiglia, a Ch\u00e2telet e a Louvre-Rivoli.<br \/>\nIl Cimitero di P\u00e8re Lachaise, che ospita le tombe di moltissimi personaggi famosi, riceve circa 2 milioni di visitatori all\u2019anno e si trova a 5 minuti a piedi dall\u2019<strong>Eden Lodge Parigi<\/strong>.<br \/>\nTaxi: servizio G7 e taxi blu.<br \/>\nPer la prenotazione di grandi auto o per tragitti lunghi, vi preghiamo di contattarci.<\/p>\n<p><img loading=\"lazy\" decoding=\"async\" class=\"alignnone size-full wp-image-135\" src=\"https:\/\/www.edenlodgeparis.net\/wp-content\/uploads\/2016\/02\/accueil-2.jpg\" alt=\"accueil-2\" width=\"2000\" height=\"932\" srcset=\"https:\/\/www.edenlodgeparis.net\/wp-content\/uploads\/2016\/02\/accueil-2.jpg 2000w, https:\/\/www.edenlodgeparis.net\/wp-content\/uploads\/2016\/02\/accueil-2-300x140.jpg 300w, https:\/\/www.edenlodgeparis.net\/wp-content\/uploads\/2016\/02\/accueil-2-768x358.jpg 768w, https:\/\/www.edenlodgeparis.net\/wp-content\/uploads\/2016\/02\/accueil-2-1024x477.jpg 1024w\" sizes=\"(max-width: 2000px) 100vw, 2000px\" \/><\/p>\n","protected":false},"excerpt":{"rendered":"<p>Maty vi accoglie all\u2019arrivo e sar\u00e0 la vostra padrona di casa per tutta la durata del soggiorno. Vi servir\u00e0 la colazione bio e sar\u00e0 disponibile sia al mattino che la sera per qualsiasi domanda sull\u2019organizzazione della vostra giornata. Check-in\/ Check-out Il check-in si effettua dalle 16 alle 20, mentre il check-out avviene entro le 11 del giorno di partenza (su richiesta sono possibili aggiustamenti di orario e deposito bagagli). Per eventuali partenze posticipate, \u00e8 necessario accordarsi al momento della prenotazione. Allenamenti e massaggi Massaggio thailandese e allenamento personale a disposizione su prenotazione Informazioni pratiche Eden Lodge Parigi si trova al n. 175 di rue de Charonne nell\u201911\u00b0 arrondissement. La metropolitana pi\u00f9 vicina \u00e8 Alexandre Dumas lungo la linea 2 (Nation-Porte Dauphine), ad appena 2 minuti a piedi. La fermata dell\u2019autobus 76 che si trova al n. 165 di rue de Charonne vi condurr\u00e0 alla Bastiglia, a Ch\u00e2telet e a Louvre-Rivoli. Il Cimitero di P\u00e8re Lachaise, che ospita le tombe di moltissimi personaggi famosi, riceve circa 2 milioni di visitatori all\u2019anno e si trova a 5 minuti a piedi dall\u2019Eden Lodge Parigi. Taxi: servizio G7 e taxi blu. Per la prenotazione di grandi auto o per tragitti lunghi, vi preghiamo di [&hellip;]<\/p>\n","protected":false},"author":1,"featured_media":0,"parent":0,"menu_order":20,"comment_status":"closed","ping_status":"closed","template":"","meta":{"footnotes":""},"aioseo_notices":[],"_links":{"self":[{"href":"https:\/\/www.edenlodgeparis.net\/it\/wp-json\/wp\/v2\/pages\/370"}],"collection":[{"href":"https:\/\/www.edenlodgeparis.net\/it\/wp-json\/wp\/v2\/pages"}],"about":[{"href":"https:\/\/www.edenlodgeparis.net\/it\/wp-json\/wp\/v2\/types\/page"}],"author":[{"embeddable":true,"href":"https:\/\/www.edenlodgeparis.net\/it\/wp-json\/wp\/v2\/users\/1"}],"replies":[{"embeddable":true,"href":"https:\/\/www.edenlodgeparis.net\/it\/wp-json\/wp\/v2\/comments?post=370"}],"version-history":[{"count":3,"href":"https:\/\/www.edenlodgeparis.net\/it\/wp-json\/wp\/v2\/pages\/370\/revisions"}],"predecessor-version":[{"id":976,"href":"https:\/\/www.edenlodgeparis.net\/it\/wp-json\/wp\/v2\/pages\/370\/revisions\/976"}],"wp:attachment":[{"href":"https:\/\/www.edenlodgeparis.net\/it\/wp-json\/wp\/v2\/media?parent=370"}],"curies":[{"name":"wp","href":"https:\/\/api.w.org\/{rel}","templated":true}]}}