{"id":378,"date":"2016-02-23T10:26:43","date_gmt":"2016-02-23T09:26:43","guid":{"rendered":"http:\/\/www.edenlodgeparis.net\/it\/la-casa\/privatisation\/"},"modified":"2020-12-01T12:18:59","modified_gmt":"2020-12-01T11:18:59","slug":"eventi-privati","status":"publish","type":"page","link":"https:\/\/www.edenlodgeparis.net\/it\/la-casa\/eventi-privati\/","title":{"rendered":"Eventi privati"},"content":{"rendered":"<p>L&#8217;<strong>Eden Lodge Parigi<\/strong> pu\u00f2 essere completamente privatizzato per i vostri eventi professionali, e vi propone prestazioni alberghiere differenti, pi\u00f9 conviviali e personalizzate rispetto a ci\u00f2 che solitamente viene offerto in questo campo.<\/p>\n<p>Questa <strong>casa ecologica<\/strong> sar\u00e0 particolarmente adatta ai vostri eventi o seminari relativi allo sviluppo sostenibile, visto che rappresenta un luogo unico nel suo genere a Parigi.<\/p>\n<p>Qui possono dormire fino a 14 persone, e la capacit\u00e0 massima di ricevimento per un cocktail, ad esempio, \u00e8 di 49 persone.<\/p>\n<p>Per la privatizzazione tariffe di cui 2 suite e 3 camere da letto, grazie per averci contattato.<\/p>\n<p><img loading=\"lazy\" decoding=\"async\" class=\"alignnone size-full wp-image-239\" src=\"https:\/\/www.edenlodgeparis.net\/wp-content\/uploads\/2016\/02\/edenlodge-paris-privatisation.jpg\" alt=\"edenlodge-paris-privatisation\" width=\"2000\" height=\"1059\" srcset=\"https:\/\/www.edenlodgeparis.net\/wp-content\/uploads\/2016\/02\/edenlodge-paris-privatisation.jpg 2000w, https:\/\/www.edenlodgeparis.net\/wp-content\/uploads\/2016\/02\/edenlodge-paris-privatisation-300x159.jpg 300w, https:\/\/www.edenlodgeparis.net\/wp-content\/uploads\/2016\/02\/edenlodge-paris-privatisation-768x407.jpg 768w, https:\/\/www.edenlodgeparis.net\/wp-content\/uploads\/2016\/02\/edenlodge-paris-privatisation-1024x542.jpg 1024w\" sizes=\"(max-width: 2000px) 100vw, 2000px\" \/><\/p>\n","protected":false},"excerpt":{"rendered":"<p>L&#8217;Eden Lodge Parigi pu\u00f2 essere completamente privatizzato per i vostri eventi professionali, e vi propone prestazioni alberghiere differenti, pi\u00f9 conviviali e personalizzate rispetto a ci\u00f2 che solitamente viene offerto in questo campo. Questa casa ecologica sar\u00e0 particolarmente adatta ai vostri eventi o seminari relativi allo sviluppo sostenibile, visto che rappresenta un luogo unico nel suo genere a Parigi. Qui possono dormire fino a 14 persone, e la capacit\u00e0 massima di ricevimento per un cocktail, ad esempio, \u00e8 di 49 persone. Per la privatizzazione tariffe di cui 2 suite e 3 camere da letto, grazie per averci contattato.<\/p>\n","protected":false},"author":1,"featured_media":0,"parent":372,"menu_order":20,"comment_status":"closed","ping_status":"closed","template":"","meta":{"footnotes":""},"aioseo_notices":[],"_links":{"self":[{"href":"https:\/\/www.edenlodgeparis.net\/it\/wp-json\/wp\/v2\/pages\/378"}],"collection":[{"href":"https:\/\/www.edenlodgeparis.net\/it\/wp-json\/wp\/v2\/pages"}],"about":[{"href":"https:\/\/www.edenlodgeparis.net\/it\/wp-json\/wp\/v2\/types\/page"}],"author":[{"embeddable":true,"href":"https:\/\/www.edenlodgeparis.net\/it\/wp-json\/wp\/v2\/users\/1"}],"replies":[{"embeddable":true,"href":"https:\/\/www.edenlodgeparis.net\/it\/wp-json\/wp\/v2\/comments?post=378"}],"version-history":[{"count":3,"href":"https:\/\/www.edenlodgeparis.net\/it\/wp-json\/wp\/v2\/pages\/378\/revisions"}],"predecessor-version":[{"id":909,"href":"https:\/\/www.edenlodgeparis.net\/it\/wp-json\/wp\/v2\/pages\/378\/revisions\/909"}],"up":[{"embeddable":true,"href":"https:\/\/www.edenlodgeparis.net\/it\/wp-json\/wp\/v2\/pages\/372"}],"wp:attachment":[{"href":"https:\/\/www.edenlodgeparis.net\/it\/wp-json\/wp\/v2\/media?parent=378"}],"curies":[{"name":"wp","href":"https:\/\/api.w.org\/{rel}","templated":true}]}}