{"id":380,"date":"2016-01-20T16:43:52","date_gmt":"2016-01-20T15:43:52","guid":{"rendered":"http:\/\/www.edenlodgeparis.net\/it\/chambres\/"},"modified":"2016-04-04T14:47:05","modified_gmt":"2016-04-04T13:47:05","slug":"camere","status":"publish","type":"page","link":"https:\/\/www.edenlodgeparis.net\/it\/camere\/","title":{"rendered":"CAMERE"},"content":{"rendered":"<p>Le luxe est ici d\u00e9cal\u00e9, hors des sentiers battus.<br \/>\nDans cette maison il est serein, calme, \u00e9l\u00e9gant et convivial.<br \/>\nLe luxe c\u2019est l\u2019espace de ses chambres, leurs terrasses donnant sur le jardin, leurs salles de bains o\u00f9 l\u2019on veut prendre son temps, des lits confortables o\u00f9 l\u2019on peut paresser. Des salons dans la verri\u00e8re o\u00f9 l\u2019on peut lire, jouer, discuter, entour\u00e9s de jardins comme dans une coul\u00e9e verte\u2026<\/p>\n<p>Une d\u00e9coration d\u2019inspiration diff\u00e9rente pour chaque chambre, c\u2019est une maison avec la conjugaison de ses envies. Au fil du temps elles \u00e9volueront, d\u2019autres envies, d\u2019autres d\u00e9couvertes, rien n\u2019est fig\u00e9.<\/p>\n<p>Aujourd\u2019hui une suite d\u2019inspiration africaine, une suite d\u2019inspiration danoise, suite \u00e0 mes voyages\u2026<br \/>\nUne chambre boudoir tr\u00e8s parisienne, 2 chambres oscillant entre 60\u2019 et 70\u2019, je n\u2019ai pu choisir, j\u2019ai donc mix\u00e9\u00a0!<\/p>\n<p>Des meubles chin\u00e9s depuis longtemps et qui se sont naturellement pos\u00e9s dans chacune des chambres.<\/p>\n<p>Et dans chaque salle de bain un peu de Madagascar dans les rideaux des douches qui sonnent comme des b\u00e2tons de pluie, d\u2019autres r\u00eaves\u2026<\/p>\n","protected":false},"excerpt":{"rendered":"<p>Le luxe est ici d\u00e9cal\u00e9, hors des sentiers battus. Dans cette maison il est serein, calme, \u00e9l\u00e9gant et convivial. Le luxe c\u2019est l\u2019espace de ses chambres, leurs terrasses donnant sur le jardin, leurs salles de bains o\u00f9 l\u2019on veut prendre son temps, des lits confortables o\u00f9 l\u2019on peut paresser. Des salons dans la verri\u00e8re o\u00f9 l\u2019on peut lire, jouer, discuter, entour\u00e9s de jardins comme dans une coul\u00e9e verte\u2026 Une d\u00e9coration d\u2019inspiration diff\u00e9rente pour chaque chambre, c\u2019est une maison avec la conjugaison de ses envies. Au fil du temps elles \u00e9volueront, d\u2019autres envies, d\u2019autres d\u00e9couvertes, rien n\u2019est fig\u00e9. Aujourd\u2019hui une suite d\u2019inspiration africaine, une suite d\u2019inspiration danoise, suite \u00e0 mes voyages\u2026 Une chambre boudoir tr\u00e8s parisienne, 2 chambres oscillant entre 60\u2019 et 70\u2019, je n\u2019ai pu choisir, j\u2019ai donc mix\u00e9\u00a0! Des meubles chin\u00e9s depuis longtemps et qui se sont naturellement pos\u00e9s dans chacune des chambres. Et dans chaque salle de bain un peu de Madagascar dans les rideaux des douches qui sonnent comme des b\u00e2tons de pluie, d\u2019autres r\u00eaves\u2026<\/p>\n","protected":false},"author":1,"featured_media":0,"parent":0,"menu_order":40,"comment_status":"closed","ping_status":"closed","template":"two-rooms-list.php","meta":{"footnotes":""},"aioseo_notices":[],"_links":{"self":[{"href":"https:\/\/www.edenlodgeparis.net\/it\/wp-json\/wp\/v2\/pages\/380"}],"collection":[{"href":"https:\/\/www.edenlodgeparis.net\/it\/wp-json\/wp\/v2\/pages"}],"about":[{"href":"https:\/\/www.edenlodgeparis.net\/it\/wp-json\/wp\/v2\/types\/page"}],"author":[{"embeddable":true,"href":"https:\/\/www.edenlodgeparis.net\/it\/wp-json\/wp\/v2\/users\/1"}],"replies":[{"embeddable":true,"href":"https:\/\/www.edenlodgeparis.net\/it\/wp-json\/wp\/v2\/comments?post=380"}],"version-history":[{"count":1,"href":"https:\/\/www.edenlodgeparis.net\/it\/wp-json\/wp\/v2\/pages\/380\/revisions"}],"predecessor-version":[{"id":381,"href":"https:\/\/www.edenlodgeparis.net\/it\/wp-json\/wp\/v2\/pages\/380\/revisions\/381"}],"wp:attachment":[{"href":"https:\/\/www.edenlodgeparis.net\/it\/wp-json\/wp\/v2\/media?parent=380"}],"curies":[{"name":"wp","href":"https:\/\/api.w.org\/{rel}","templated":true}]}}