{"id":406,"date":"2016-02-23T10:27:04","date_gmt":"2016-02-23T09:27:04","guid":{"rendered":"http:\/\/www.edenlodgeparis.net\/it\/foto\/partenaires\/"},"modified":"2020-12-01T12:38:14","modified_gmt":"2020-12-01T11:38:14","slug":"partner","status":"publish","type":"page","link":"https:\/\/www.edenlodgeparis.net\/it\/stampa-foto\/partner\/","title":{"rendered":"Partner"},"content":{"rendered":"<p><strong>Isabelle Poulain e Mathieu Julien. 100% architettura.<\/strong><br \/>\nIl loro progetto \u00e8 stato accettato, e quindi dobbiamo alla loro bravura questa bella costruzione in legno e vetrate che rende cos\u00ec caratteristico l\u2019<strong>Eden Lodge Parigi<\/strong>.<\/p>\n<p><strong>Gilles Antolini<\/strong> e\u00a0<strong>R\u00e9gis Naegelen<\/strong> \u00ab \u00a0<strong>Le Jardin Agile<\/strong>\u00a0\u00bb<br \/>\nGrazie per il loro prezioso contributo a questo giardino.<br \/>\n<a href=\"https:\/\/www.lejardinagile.com\/\" target=\"_blank\">www.lejardinagile.com<\/a><\/p>\n<p>Etienne Sauvage, ingegnere in energie rinnovabili, che ha creato il capitolato d\u2019appalto di <strong>Eden Lodge Parigi<\/strong><br \/>\n<a href=\"https:\/\/www.hacse.eu\/\" target=\"_blank\">www.hacse.eu<\/a><\/p>\n<p><strong>Pierre-Yves P\u00e9r\u00e9<\/strong>, architetto DPLG, consulente in architettura ambientale per il controllo e messa in conformit\u00e0 della costruzione secondo il capitolato d\u2019appalto di Hacse.<br \/>\n<a href=\"https:\/\/www.collectifderive.blogspot.fr\/\" target=\"_blank\">www.collectifderive.blogspot.fr<br \/>\n<\/a><br \/>\n<a href=\"https:\/\/www.edenlodgeparis.net\/wp-content\/uploads\/2016\/02\/office-tourisme-2016-e1456392889248.jpg\" rel=\"attachment wp-att-134\"><img loading=\"lazy\" decoding=\"async\" class=\"alignnone size-full wp-image-134\" src=\"https:\/\/www.edenlodgeparis.net\/wp-content\/uploads\/2016\/02\/office-tourisme-2016-e1456392889248.jpg\" alt=\"office-tourisme-2016\" width=\"68\" height=\"70\" \/><\/a><br \/>\nUfficio del Turismo di Parigi<br \/>\n<a href=\"https:\/\/www.parisinfo.com\/\" target=\"_blank\">www.parisinfo.com<\/a><br \/>\nUn enorme ringraziamento a <strong>Florence Piot<\/strong> per il suo bell\u2019articolo in \u201c<strong>Chambres \u00e0 part<\/strong>\u201d<br \/>\n<a href=\"https:\/\/www.chambresapart.fr\/\" target=\"_blank\">www.chambresapart.fr<\/a><\/p>\n<p>Grazie a <a href=\"https:\/\/www.voyageons-autrement.com\/\" target=\"_blank\">www.voyageons-autrement.com<\/a> primo portale di informazione sul turismo responsabile.<\/p>\n","protected":false},"excerpt":{"rendered":"<p>Isabelle Poulain e Mathieu Julien. 100% architettura. Il loro progetto \u00e8 stato accettato, e quindi dobbiamo alla loro bravura questa bella costruzione in legno e vetrate che rende cos\u00ec caratteristico l\u2019Eden Lodge Parigi. Gilles Antolini e\u00a0R\u00e9gis Naegelen \u00ab \u00a0Le Jardin Agile\u00a0\u00bb Grazie per il loro prezioso contributo a questo giardino. www.lejardinagile.com Etienne Sauvage, ingegnere in energie rinnovabili, che ha creato il capitolato d\u2019appalto di Eden Lodge Parigi www.hacse.eu Pierre-Yves P\u00e9r\u00e9, architetto DPLG, consulente in architettura ambientale per il controllo e messa in conformit\u00e0 della costruzione secondo il capitolato d\u2019appalto di Hacse. www.collectifderive.blogspot.fr Ufficio del Turismo di Parigi www.parisinfo.com Un enorme ringraziamento a Florence Piot per il suo bell\u2019articolo in \u201cChambres \u00e0 part\u201d www.chambresapart.fr Grazie a www.voyageons-autrement.com primo portale di informazione sul turismo responsabile.<\/p>\n","protected":false},"author":1,"featured_media":0,"parent":402,"menu_order":20,"comment_status":"closed","ping_status":"closed","template":"","meta":{"footnotes":""},"aioseo_notices":[],"_links":{"self":[{"href":"https:\/\/www.edenlodgeparis.net\/it\/wp-json\/wp\/v2\/pages\/406"}],"collection":[{"href":"https:\/\/www.edenlodgeparis.net\/it\/wp-json\/wp\/v2\/pages"}],"about":[{"href":"https:\/\/www.edenlodgeparis.net\/it\/wp-json\/wp\/v2\/types\/page"}],"author":[{"embeddable":true,"href":"https:\/\/www.edenlodgeparis.net\/it\/wp-json\/wp\/v2\/users\/1"}],"replies":[{"embeddable":true,"href":"https:\/\/www.edenlodgeparis.net\/it\/wp-json\/wp\/v2\/comments?post=406"}],"version-history":[{"count":5,"href":"https:\/\/www.edenlodgeparis.net\/it\/wp-json\/wp\/v2\/pages\/406\/revisions"}],"predecessor-version":[{"id":940,"href":"https:\/\/www.edenlodgeparis.net\/it\/wp-json\/wp\/v2\/pages\/406\/revisions\/940"}],"up":[{"embeddable":true,"href":"https:\/\/www.edenlodgeparis.net\/it\/wp-json\/wp\/v2\/pages\/402"}],"wp:attachment":[{"href":"https:\/\/www.edenlodgeparis.net\/it\/wp-json\/wp\/v2\/media?parent=406"}],"curies":[{"name":"wp","href":"https:\/\/api.w.org\/{rel}","templated":true}]}}